{"id":955,"date":"2014-07-29T22:50:57","date_gmt":"2014-07-29T20:50:57","guid":{"rendered":"http:\/\/www.swiss4vacation.com\/?page_id=955"},"modified":"2014-08-03T17:46:12","modified_gmt":"2014-08-03T15:46:12","slug":"florida-swiss-4-splendida-casa-nel-cuore-della-florida","status":"publish","type":"page","link":"https:\/\/www.swiss4vacation.com\/it\/florida-4\/florida-swiss-4-splendida-casa-nel-cuore-della-florida\/","title":{"rendered":"FLORIDA \u2013 SWISS 4, SPLENDIDA CASA NEL CUORE DELLA FLORIDA"},"content":{"rendered":"<p>La Florida \u2013 la terra del sole e delle arance. Swiss 4 si trova nel cuore stesso della Florida e dista 35 minuti di macchina dall\u2019aeroporto internazionale di Orlando. La casa si trova tra un lago naturale, un grande campo da golf e un lago dove praticare lo sci nautico. 6 adulti o una famiglia con 4 bambini possono usufruire di 3 camere con bagni. La cucina \u00e8 attrezzata di tutto punto e pronta per creare delle specialit\u00e0 gastronomiche. L\u2019ampio soggiorno e la cucina si estendono in una terrazza esterna che \u00e8 parzialmente coperta e in parte scoperta. La piscina esterna ha le dimensioni di 15m x 5m. Quando il sole \u00e8 troppo forte e il caldo asfissiante, potete rinfrescarvi all\u2019interno della casa utilizzando l\u2019impianto centrale di climatizzazione ad elevata capacit\u00e0. Tutto questo si trova su una superficie verde di ben 3.000m2 che \u00e8 mantenuta da un sistema di irrigazione automatico. Quando tramonta il sole le alte palme e i cespugli sempre in fiore sono illuminati da una discreta illuminazione esterna. La casa offre innumerevoli possibilit\u00e0 in tutte le stagioni. Lo Swiss Water ski Resort \u00e8 la pi\u00f9 grande scuola e centro di sci nautico. Molto probabilmente vi capiter\u00e0 di sciare con qualcuno che \u00e8 tra i 10 nomi pi\u00f9 forti di questo sport nel mondo. Indipendentemente dal fatto se siete principianti o esperti, imparerete sempre qualcosa di nuovo. Avete solo 3 minuti di strada a piedi per arrivare al molo. Lo Swiss Fairways golf klub \u00e8 un campo da gioco che vi offre tutto, \u00e8 esteso, verde, con pi\u00f9 di 75 fosse riempite di sabbia (Bunkers) e 10 ostacoli d\u2019acqua. Presenta molti avvallamenti, il che non \u00e8 propriamente tipico della Florida. \u00c8 adatto sia ai principianti che ai giocatori esperti. Il campo dista solo 1 minuto a piedi. Quando avrete tutti i muscoli indolenziti per lo sport e quando anche la piscina non potr\u00e0 pi\u00f9 far niente, prendetevi un giorno di riposo e recatevi a visitare le attrazioni mondiali. La zona di Orlando e i dintorni \u00e8 tutta un parco di divertimenti e se vorrete vedere tutto quello che vi offre, dovrete ritornare qualche altra volta. Le attrazioni mondiali di Disney, Sea World, Universal Studios, Kennedy Space Center e tante altre vi lasceranno senza parole. Se non ne avete ancora abbastanza, potete arrivare sino alla costa atlantica. La spiaggia pi\u00f9 vicina \u00e8 Cocoa beach e l\u00ec c\u2019\u00e8 il famoso negozio di attrezzatura per il surf di Ron Jon. \u00c9 aperto 365 giorni all\u2019anno e 24 ore al giorno. Potrete noleggiare una tavola da surf, cavalcare l\u2019onda e godere delle infinite spiagge sabbiose, sentire il mormorio della brezza dell\u2019oceano e del vento nei capelli.<br \/>\nLa TV via cavo e una connessione Internet veloce (allacciamento e Wi-Fi) sono a vostra disposizione gratuitamente. \u00c8 possibile parcheggiare nel garage della casa o in cortile.<\/p>\n","protected":false},"excerpt":{"rendered":"<p>La Florida \u2013 la terra del sole e delle arance. Swiss 4 si trova nel cuore stesso della Florida e dista 35 minuti di macchina dall\u2019aeroporto internazionale di Orlando. La casa si trova tra un lago naturale, un grande campo da golf e un lago dove praticare lo sci nautico. 6 adulti o una famiglia [&hellip;]<\/p>\n","protected":false},"author":2,"featured_media":0,"parent":948,"menu_order":0,"comment_status":"open","ping_status":"closed","template":"","meta":{"footnotes":""},"class_list":["post-955","page","type-page","status-publish","hentry"],"yoast_head":"<!-- This site is optimized with the Yoast SEO plugin v26.5 - https:\/\/yoast.com\/wordpress\/plugins\/seo\/ -->\n<title>FLORIDA \u2013 SWISS 4, SPLENDIDA CASA NEL CUORE DELLA FLORIDA - Swiss 4 vacation | Swiss4<\/title>\n<meta name=\"description\" content=\"La Florida \u2013 la terra del sole e delle arance. Swiss 4 si trova nel cuore stesso della Florida e dista 35 minuti di macchina dall\u2019aeroporto internazionale\" \/>\n<meta name=\"robots\" content=\"index, follow, max-snippet:-1, max-image-preview:large, max-video-preview:-1\" \/>\n<link rel=\"canonical\" href=\"https:\/\/www.swiss4vacation.com\/it\/florida-4\/florida-swiss-4-splendida-casa-nel-cuore-della-florida\/\" \/>\n<meta property=\"og:locale\" content=\"it_IT\" \/>\n<meta property=\"og:type\" content=\"article\" \/>\n<meta property=\"og:title\" content=\"FLORIDA \u2013 SWISS 4, SPLENDIDA CASA NEL CUORE DELLA FLORIDA - Swiss 4 vacation | Swiss4\" \/>\n<meta property=\"og:description\" content=\"La Florida \u2013 la terra del sole e delle arance. Swiss 4 si trova nel cuore stesso della Florida e dista 35 minuti di macchina dall\u2019aeroporto internazionale\" \/>\n<meta property=\"og:url\" content=\"https:\/\/www.swiss4vacation.com\/it\/florida-4\/florida-swiss-4-splendida-casa-nel-cuore-della-florida\/\" \/>\n<meta property=\"og:site_name\" content=\"Swiss 4 vacation | Swiss4\" \/>\n<meta property=\"article:modified_time\" content=\"2014-08-03T15:46:12+00:00\" \/>\n<meta name=\"twitter:label1\" content=\"Tempo di lettura stimato\" \/>\n\t<meta name=\"twitter:data1\" content=\"2 minuti\" \/>\n<script type=\"application\/ld+json\" class=\"yoast-schema-graph\">{\"@context\":\"https:\/\/schema.org\",\"@graph\":[{\"@type\":\"WebPage\",\"@id\":\"https:\/\/www.swiss4vacation.com\/it\/florida-4\/florida-swiss-4-splendida-casa-nel-cuore-della-florida\/\",\"url\":\"https:\/\/www.swiss4vacation.com\/it\/florida-4\/florida-swiss-4-splendida-casa-nel-cuore-della-florida\/\",\"name\":\"FLORIDA \u2013 SWISS 4, SPLENDIDA CASA NEL CUORE DELLA FLORIDA - Swiss 4 vacation | Swiss4\",\"isPartOf\":{\"@id\":\"https:\/\/www.swiss4vacation.com\/it\/#website\"},\"datePublished\":\"2014-07-29T20:50:57+00:00\",\"dateModified\":\"2014-08-03T15:46:12+00:00\",\"description\":\"La Florida \u2013 la terra del sole e delle arance. Swiss 4 si trova nel cuore stesso della Florida e dista 35 minuti di macchina dall\u2019aeroporto internazionale\",\"breadcrumb\":{\"@id\":\"https:\/\/www.swiss4vacation.com\/it\/florida-4\/florida-swiss-4-splendida-casa-nel-cuore-della-florida\/#breadcrumb\"},\"inLanguage\":\"it-IT\",\"potentialAction\":[{\"@type\":\"ReadAction\",\"target\":[\"https:\/\/www.swiss4vacation.com\/it\/florida-4\/florida-swiss-4-splendida-casa-nel-cuore-della-florida\/\"]}]},{\"@type\":\"BreadcrumbList\",\"@id\":\"https:\/\/www.swiss4vacation.com\/it\/florida-4\/florida-swiss-4-splendida-casa-nel-cuore-della-florida\/#breadcrumb\",\"itemListElement\":[{\"@type\":\"ListItem\",\"position\":1,\"name\":\"Home\",\"item\":\"https:\/\/www.swiss4vacation.com\/it\/\"},{\"@type\":\"ListItem\",\"position\":2,\"name\":\"FLORIDA \u2013 SWISS 4, SPLENDIDA CASA NEL CUORE DELLA FLORIDA\"}]},{\"@type\":\"WebSite\",\"@id\":\"https:\/\/www.swiss4vacation.com\/it\/#website\",\"url\":\"https:\/\/www.swiss4vacation.com\/it\/\",\"name\":\"Swiss 4 vacation | Swiss4\",\"description\":\"Luxury rentals\",\"potentialAction\":[{\"@type\":\"SearchAction\",\"target\":{\"@type\":\"EntryPoint\",\"urlTemplate\":\"https:\/\/www.swiss4vacation.com\/it\/?s={search_term_string}\"},\"query-input\":{\"@type\":\"PropertyValueSpecification\",\"valueRequired\":true,\"valueName\":\"search_term_string\"}}],\"inLanguage\":\"it-IT\"}]}<\/script>\n<!-- \/ Yoast SEO plugin. -->","yoast_head_json":{"title":"FLORIDA \u2013 SWISS 4, SPLENDIDA CASA NEL CUORE DELLA FLORIDA - Swiss 4 vacation | Swiss4","description":"La Florida \u2013 la terra del sole e delle arance. Swiss 4 si trova nel cuore stesso della Florida e dista 35 minuti di macchina dall\u2019aeroporto internazionale","robots":{"index":"index","follow":"follow","max-snippet":"max-snippet:-1","max-image-preview":"max-image-preview:large","max-video-preview":"max-video-preview:-1"},"canonical":"https:\/\/www.swiss4vacation.com\/it\/florida-4\/florida-swiss-4-splendida-casa-nel-cuore-della-florida\/","og_locale":"it_IT","og_type":"article","og_title":"FLORIDA \u2013 SWISS 4, SPLENDIDA CASA NEL CUORE DELLA FLORIDA - Swiss 4 vacation | Swiss4","og_description":"La Florida \u2013 la terra del sole e delle arance. Swiss 4 si trova nel cuore stesso della Florida e dista 35 minuti di macchina dall\u2019aeroporto internazionale","og_url":"https:\/\/www.swiss4vacation.com\/it\/florida-4\/florida-swiss-4-splendida-casa-nel-cuore-della-florida\/","og_site_name":"Swiss 4 vacation | Swiss4","article_modified_time":"2014-08-03T15:46:12+00:00","twitter_misc":{"Tempo di lettura stimato":"2 minuti"},"schema":{"@context":"https:\/\/schema.org","@graph":[{"@type":"WebPage","@id":"https:\/\/www.swiss4vacation.com\/it\/florida-4\/florida-swiss-4-splendida-casa-nel-cuore-della-florida\/","url":"https:\/\/www.swiss4vacation.com\/it\/florida-4\/florida-swiss-4-splendida-casa-nel-cuore-della-florida\/","name":"FLORIDA \u2013 SWISS 4, SPLENDIDA CASA NEL CUORE DELLA FLORIDA - Swiss 4 vacation | Swiss4","isPartOf":{"@id":"https:\/\/www.swiss4vacation.com\/it\/#website"},"datePublished":"2014-07-29T20:50:57+00:00","dateModified":"2014-08-03T15:46:12+00:00","description":"La Florida \u2013 la terra del sole e delle arance. Swiss 4 si trova nel cuore stesso della Florida e dista 35 minuti di macchina dall\u2019aeroporto internazionale","breadcrumb":{"@id":"https:\/\/www.swiss4vacation.com\/it\/florida-4\/florida-swiss-4-splendida-casa-nel-cuore-della-florida\/#breadcrumb"},"inLanguage":"it-IT","potentialAction":[{"@type":"ReadAction","target":["https:\/\/www.swiss4vacation.com\/it\/florida-4\/florida-swiss-4-splendida-casa-nel-cuore-della-florida\/"]}]},{"@type":"BreadcrumbList","@id":"https:\/\/www.swiss4vacation.com\/it\/florida-4\/florida-swiss-4-splendida-casa-nel-cuore-della-florida\/#breadcrumb","itemListElement":[{"@type":"ListItem","position":1,"name":"Home","item":"https:\/\/www.swiss4vacation.com\/it\/"},{"@type":"ListItem","position":2,"name":"FLORIDA \u2013 SWISS 4, SPLENDIDA CASA NEL CUORE DELLA FLORIDA"}]},{"@type":"WebSite","@id":"https:\/\/www.swiss4vacation.com\/it\/#website","url":"https:\/\/www.swiss4vacation.com\/it\/","name":"Swiss 4 vacation | Swiss4","description":"Luxury rentals","potentialAction":[{"@type":"SearchAction","target":{"@type":"EntryPoint","urlTemplate":"https:\/\/www.swiss4vacation.com\/it\/?s={search_term_string}"},"query-input":{"@type":"PropertyValueSpecification","valueRequired":true,"valueName":"search_term_string"}}],"inLanguage":"it-IT"}]}},"_links":{"self":[{"href":"https:\/\/www.swiss4vacation.com\/it\/wp-json\/wp\/v2\/pages\/955","targetHints":{"allow":["GET"]}}],"collection":[{"href":"https:\/\/www.swiss4vacation.com\/it\/wp-json\/wp\/v2\/pages"}],"about":[{"href":"https:\/\/www.swiss4vacation.com\/it\/wp-json\/wp\/v2\/types\/page"}],"author":[{"embeddable":true,"href":"https:\/\/www.swiss4vacation.com\/it\/wp-json\/wp\/v2\/users\/2"}],"replies":[{"embeddable":true,"href":"https:\/\/www.swiss4vacation.com\/it\/wp-json\/wp\/v2\/comments?post=955"}],"version-history":[{"count":1,"href":"https:\/\/www.swiss4vacation.com\/it\/wp-json\/wp\/v2\/pages\/955\/revisions"}],"predecessor-version":[{"id":956,"href":"https:\/\/www.swiss4vacation.com\/it\/wp-json\/wp\/v2\/pages\/955\/revisions\/956"}],"up":[{"embeddable":true,"href":"https:\/\/www.swiss4vacation.com\/it\/wp-json\/wp\/v2\/pages\/948"}],"wp:attachment":[{"href":"https:\/\/www.swiss4vacation.com\/it\/wp-json\/wp\/v2\/media?parent=955"}],"curies":[{"name":"wp","href":"https:\/\/api.w.org\/{rel}","templated":true}]}}