{"id":922,"date":"2014-07-29T00:28:11","date_gmt":"2014-07-28T22:28:11","guid":{"rendered":"http:\/\/www.swiss4vacation.com\/?page_id=922"},"modified":"2014-08-03T17:46:12","modified_gmt":"2014-08-03T15:46:12","slug":"cosa-fare","status":"publish","type":"page","link":"https:\/\/www.swiss4vacation.com\/it\/vegliakrk\/cosa-fare\/","title":{"rendered":"COSA FARE"},"content":{"rendered":"<p>La costa croata si trova sul lato orientale del Mare Adriatico. \u00c8 considerata una delle coste pi\u00f9 frastagliate in quanto ha pi\u00f9 di 1.200 isole e di queste quasi 80 abitate. Si pu\u00f2 affermare con certezza che si tratta del mare pi\u00f9 bello per il turismo nautico. Un clima piacevole, venti miti e un mare pulito e cristallino sono dati di fatto che oggigiorno difficilmente si possono trovare in un posto solo. I buoni collegamenti stradali e aerei con l\u2019Europa e il mondo pongono la costa croata nel centro stesso dell\u2019Europa. Il sole estivo e le vacanze non sono per\u00f2 l\u2019unica cosa che quest\u2019ultima offre. Veglia\/krk, grazie al suo clima particolarmente favorevole, ha dimostrato di avere degli effetti curativi per le malattie dell\u2019apparato respiratorio, della pelle e delle ossa. Le immersioni, la pesca, la pesca subacquea, gli sport acquatici e le gite in bicicletta si iniziano proprio a praticare alla fine della stagione turistica principale.<br \/>\n<div id=\"metaslider-id-596\" style=\"max-width: 562px;\" class=\"ml-slider-3-103-0 metaslider metaslider-flex metaslider-596 ml-slider ms-theme-default nav-hidden\" role=\"region\" aria-label=\"Krk \u2013 things to do\" data-height=\"340\" data-width=\"562\">\n    <div id=\"metaslider_container_596\">\n        <div id=\"metaslider_596\">\n            <ul class='slides'>\n                <li style=\"display: block; width: 100%;\" class=\"slide-597 ms-image \" aria-roledescription=\"slide\" data-date=\"2014-07-14 20:41:20\" data-slide-type=\"image\"><img loading=\"lazy\" decoding=\"async\" src=\"https:\/\/www.swiss4vacation.com\/wp-content\/uploads\/2014\/07\/beach1-562x340.jpg\" height=\"340\" width=\"562\" alt=\"\" class=\"slider-596 slide-597 msDefaultImage\" \/><\/li>\n                <li style=\"display: none; width: 100%;\" class=\"slide-598 ms-image \" aria-roledescription=\"slide\" data-date=\"2014-07-14 20:41:30\" data-slide-type=\"image\"><img loading=\"lazy\" decoding=\"async\" src=\"https:\/\/www.swiss4vacation.com\/wp-content\/uploads\/2014\/07\/beach2-562x340.jpg\" height=\"340\" width=\"562\" alt=\"\" class=\"slider-596 slide-598 msDefaultImage\" \/><\/li>\n                <li style=\"display: none; width: 100%;\" class=\"slide-599 ms-image \" aria-roledescription=\"slide\" data-date=\"2014-07-14 20:41:32\" data-slide-type=\"image\"><img loading=\"lazy\" decoding=\"async\" src=\"https:\/\/www.swiss4vacation.com\/wp-content\/uploads\/2014\/07\/dive1-562x340.jpg\" height=\"340\" width=\"562\" alt=\"\" class=\"slider-596 slide-599 msDefaultImage\" \/><\/li>\n                <li style=\"display: none; width: 100%;\" class=\"slide-602 ms-image \" aria-roledescription=\"slide\" data-date=\"2014-07-14 20:41:42\" data-slide-type=\"image\"><img loading=\"lazy\" decoding=\"async\" src=\"https:\/\/www.swiss4vacation.com\/wp-content\/uploads\/2014\/07\/dive5-562x340.jpg\" height=\"340\" width=\"562\" alt=\"\" class=\"slider-596 slide-602 msDefaultImage\" \/><\/li>\n                <li style=\"display: none; width: 100%;\" class=\"slide-603 ms-image \" aria-roledescription=\"slide\" data-date=\"2014-07-14 20:41:51\" data-slide-type=\"image\"><img loading=\"lazy\" decoding=\"async\" src=\"https:\/\/www.swiss4vacation.com\/wp-content\/uploads\/2014\/07\/dubrovnik-562x340.jpg\" height=\"340\" width=\"562\" alt=\"\" class=\"slider-596 slide-603 msDefaultImage\" \/><\/li>\n                <li style=\"display: none; width: 100%;\" class=\"slide-604 ms-image \" aria-roledescription=\"slide\" data-date=\"2014-07-14 20:41:56\" data-slide-type=\"image\"><img loading=\"lazy\" decoding=\"async\" src=\"https:\/\/www.swiss4vacation.com\/wp-content\/uploads\/2014\/07\/dubrovnik2-562x340.jpg\" height=\"340\" width=\"562\" alt=\"\" class=\"slider-596 slide-604 msDefaultImage\" \/><\/li>\n                <li style=\"display: none; width: 100%;\" class=\"slide-605 ms-image \" aria-roledescription=\"slide\" data-date=\"2014-07-14 20:42:01\" data-slide-type=\"image\"><img loading=\"lazy\" decoding=\"async\" src=\"https:\/\/www.swiss4vacation.com\/wp-content\/uploads\/2014\/07\/kite1-562x340.jpg\" height=\"340\" width=\"562\" alt=\"\" class=\"slider-596 slide-605 msDefaultImage\" \/><\/li>\n                <li style=\"display: none; width: 100%;\" class=\"slide-606 ms-image \" aria-roledescription=\"slide\" data-date=\"2014-07-14 20:42:05\" data-slide-type=\"image\"><img loading=\"lazy\" decoding=\"async\" src=\"https:\/\/www.swiss4vacation.com\/wp-content\/uploads\/2014\/07\/kite2-562x340.jpg\" height=\"340\" width=\"562\" alt=\"\" class=\"slider-596 slide-606 msDefaultImage\" \/><\/li>\n                <li style=\"display: none; width: 100%;\" class=\"slide-607 ms-image \" aria-roledescription=\"slide\" data-date=\"2014-07-14 20:42:10\" data-slide-type=\"image\"><img loading=\"lazy\" decoding=\"async\" src=\"https:\/\/www.swiss4vacation.com\/wp-content\/uploads\/2014\/07\/kolo11-562x340.jpg\" height=\"340\" width=\"562\" alt=\"\" class=\"slider-596 slide-607 msDefaultImage\" \/><\/li>\n                <li style=\"display: none; width: 100%;\" class=\"slide-608 ms-image \" aria-roledescription=\"slide\" data-date=\"2014-07-14 20:42:14\" data-slide-type=\"image\"><img loading=\"lazy\" decoding=\"async\" src=\"https:\/\/www.swiss4vacation.com\/wp-content\/uploads\/2014\/07\/kolo21-562x340.jpg\" height=\"340\" width=\"562\" alt=\"\" class=\"slider-596 slide-608 msDefaultImage\" \/><\/li>\n                <li style=\"display: none; width: 100%;\" class=\"slide-609 ms-image \" aria-roledescription=\"slide\" data-date=\"2014-07-14 20:42:19\" data-slide-type=\"image\"><img loading=\"lazy\" decoding=\"async\" src=\"https:\/\/www.swiss4vacation.com\/wp-content\/uploads\/2014\/07\/kolo3-562x340.jpg\" height=\"340\" width=\"562\" alt=\"\" class=\"slider-596 slide-609 msDefaultImage\" \/><\/li>\n                <li style=\"display: none; width: 100%;\" class=\"slide-610 ms-image \" aria-roledescription=\"slide\" data-date=\"2014-07-14 20:42:22\" data-slide-type=\"image\"><img loading=\"lazy\" decoding=\"async\" src=\"https:\/\/www.swiss4vacation.com\/wp-content\/uploads\/2014\/07\/kornat1-562x340.jpg\" height=\"340\" width=\"562\" alt=\"\" class=\"slider-596 slide-610 msDefaultImage\" \/><\/li>\n                <li style=\"display: none; width: 100%;\" class=\"slide-611 ms-image \" aria-roledescription=\"slide\" data-date=\"2014-07-14 20:42:24\" data-slide-type=\"image\"><img loading=\"lazy\" decoding=\"async\" src=\"https:\/\/www.swiss4vacation.com\/wp-content\/uploads\/2014\/07\/kornat2-562x340.jpg\" height=\"340\" width=\"562\" alt=\"\" class=\"slider-596 slide-611 msDefaultImage\" \/><\/li>\n                <li style=\"display: none; width: 100%;\" class=\"slide-612 ms-image \" aria-roledescription=\"slide\" data-date=\"2014-07-14 20:42:29\" data-slide-type=\"image\"><img loading=\"lazy\" decoding=\"async\" src=\"https:\/\/www.swiss4vacation.com\/wp-content\/uploads\/2014\/07\/marina1-562x340.jpg\" height=\"340\" width=\"562\" alt=\"\" class=\"slider-596 slide-612 msDefaultImage\" \/><\/li>\n                <li style=\"display: none; width: 100%;\" class=\"slide-613 ms-image \" aria-roledescription=\"slide\" data-date=\"2014-07-14 20:42:32\" data-slide-type=\"image\"><img loading=\"lazy\" decoding=\"async\" src=\"https:\/\/www.swiss4vacation.com\/wp-content\/uploads\/2014\/07\/marina2-562x340.jpg\" height=\"340\" width=\"562\" alt=\"\" class=\"slider-596 slide-613 msDefaultImage\" \/><\/li>\n                <li style=\"display: none; width: 100%;\" class=\"slide-614 ms-image \" aria-roledescription=\"slide\" data-date=\"2014-07-14 20:42:35\" data-slide-type=\"image\"><img loading=\"lazy\" decoding=\"async\" src=\"https:\/\/www.swiss4vacation.com\/wp-content\/uploads\/2014\/07\/moto1-492x298.jpg\" height=\"340\" width=\"562\" alt=\"\" class=\"slider-596 slide-614 msDefaultImage\" \/><\/li>\n                <li style=\"display: none; width: 100%;\" class=\"slide-615 ms-image \" aria-roledescription=\"slide\" data-date=\"2014-07-14 20:42:37\" data-slide-type=\"image\"><img loading=\"lazy\" decoding=\"async\" src=\"https:\/\/www.swiss4vacation.com\/wp-content\/uploads\/2014\/07\/rok1-562x340.jpg\" height=\"340\" width=\"562\" alt=\"\" class=\"slider-596 slide-615 msDefaultImage\" \/><\/li>\n                <li style=\"display: none; width: 100%;\" class=\"slide-616 ms-image \" aria-roledescription=\"slide\" data-date=\"2014-07-14 20:42:39\" data-slide-type=\"image\"><img loading=\"lazy\" decoding=\"async\" src=\"https:\/\/www.swiss4vacation.com\/wp-content\/uploads\/2014\/07\/rok2-562x340.jpg\" height=\"340\" width=\"562\" alt=\"\" class=\"slider-596 slide-616 msDefaultImage\" \/><\/li>\n                <li style=\"display: none; width: 100%;\" class=\"slide-617 ms-image \" aria-roledescription=\"slide\" data-date=\"2014-07-14 20:42:41\" data-slide-type=\"image\"><img loading=\"lazy\" decoding=\"async\" src=\"https:\/\/www.swiss4vacation.com\/wp-content\/uploads\/2014\/07\/rok3-562x340.jpg\" height=\"340\" width=\"562\" alt=\"\" class=\"slider-596 slide-617 msDefaultImage\" \/><\/li>\n                <li style=\"display: none; width: 100%;\" class=\"slide-618 ms-image \" aria-roledescription=\"slide\" data-date=\"2014-07-14 20:42:43\" data-slide-type=\"image\"><img loading=\"lazy\" decoding=\"async\" src=\"https:\/\/www.swiss4vacation.com\/wp-content\/uploads\/2014\/07\/rok4-562x340.jpg\" height=\"340\" width=\"562\" alt=\"\" class=\"slider-596 slide-618 msDefaultImage\" \/><\/li>\n                <li style=\"display: none; width: 100%;\" class=\"slide-619 ms-image \" aria-roledescription=\"slide\" data-date=\"2014-07-14 20:42:45\" data-slide-type=\"image\"><img loading=\"lazy\" decoding=\"async\" src=\"https:\/\/www.swiss4vacation.com\/wp-content\/uploads\/2014\/07\/rok5-562x340.jpg\" height=\"340\" width=\"562\" alt=\"\" class=\"slider-596 slide-619 msDefaultImage\" \/><\/li>\n                <li style=\"display: none; width: 100%;\" class=\"slide-620 ms-image \" aria-roledescription=\"slide\" data-date=\"2014-07-14 20:42:47\" data-slide-type=\"image\"><img loading=\"lazy\" decoding=\"async\" src=\"https:\/\/www.swiss4vacation.com\/wp-content\/uploads\/2014\/07\/rok6-562x340.jpg\" height=\"340\" width=\"562\" alt=\"\" class=\"slider-596 slide-620 msDefaultImage\" \/><\/li>\n                <li style=\"display: none; width: 100%;\" class=\"slide-621 ms-image \" aria-roledescription=\"slide\" data-date=\"2014-07-14 20:42:49\" data-slide-type=\"image\"><img loading=\"lazy\" decoding=\"async\" src=\"https:\/\/www.swiss4vacation.com\/wp-content\/uploads\/2014\/07\/rok7-562x340.jpg\" height=\"340\" width=\"562\" alt=\"\" class=\"slider-596 slide-621 msDefaultImage\" \/><\/li>\n                <li style=\"display: none; width: 100%;\" class=\"slide-622 ms-image \" aria-roledescription=\"slide\" data-date=\"2014-07-14 20:42:54\" data-slide-type=\"image\"><img loading=\"lazy\" decoding=\"async\" src=\"https:\/\/www.swiss4vacation.com\/wp-content\/uploads\/2014\/07\/sail11-562x340.jpg\" height=\"340\" width=\"562\" alt=\"\" class=\"slider-596 slide-622 msDefaultImage\" \/><\/li>\n                <li style=\"display: none; width: 100%;\" class=\"slide-623 ms-image \" aria-roledescription=\"slide\" data-date=\"2014-07-14 20:42:58\" data-slide-type=\"image\"><img loading=\"lazy\" decoding=\"async\" src=\"https:\/\/www.swiss4vacation.com\/wp-content\/uploads\/2014\/07\/sail2-562x340.jpg\" height=\"340\" width=\"562\" alt=\"\" class=\"slider-596 slide-623 msDefaultImage\" \/><\/li>\n                <li style=\"display: none; width: 100%;\" class=\"slide-624 ms-image \" aria-roledescription=\"slide\" data-date=\"2014-07-14 20:43:01\" data-slide-type=\"image\"><img loading=\"lazy\" decoding=\"async\" src=\"https:\/\/www.swiss4vacation.com\/wp-content\/uploads\/2014\/07\/skilift-465x281.jpg\" height=\"340\" width=\"562\" alt=\"\" class=\"slider-596 slide-624 msDefaultImage\" \/><\/li>\n                <li style=\"display: none; width: 100%;\" class=\"slide-625 ms-image \" aria-roledescription=\"slide\" data-date=\"2014-07-14 20:43:05\" data-slide-type=\"image\"><img loading=\"lazy\" decoding=\"async\" src=\"https:\/\/www.swiss4vacation.com\/wp-content\/uploads\/2014\/07\/surf1-562x340.jpg\" height=\"340\" width=\"562\" alt=\"\" class=\"slider-596 slide-625 msDefaultImage\" \/><\/li>\n                <li style=\"display: none; width: 100%;\" class=\"slide-626 ms-image \" aria-roledescription=\"slide\" data-date=\"2014-07-14 20:43:08\" data-slide-type=\"image\"><img loading=\"lazy\" decoding=\"async\" src=\"https:\/\/www.swiss4vacation.com\/wp-content\/uploads\/2014\/07\/surf2-562x340.jpg\" height=\"340\" width=\"562\" alt=\"\" class=\"slider-596 slide-626 msDefaultImage\" \/><\/li>\n                <li style=\"display: none; width: 100%;\" class=\"slide-627 ms-image \" aria-roledescription=\"slide\" data-date=\"2014-07-14 20:43:14\" data-slide-type=\"image\"><img loading=\"lazy\" decoding=\"async\" src=\"https:\/\/www.swiss4vacation.com\/wp-content\/uploads\/2014\/07\/surf3-562x340.jpg\" height=\"340\" width=\"562\" alt=\"\" class=\"slider-596 slide-627 msDefaultImage\" \/><\/li>\n                <li style=\"display: none; width: 100%;\" class=\"slide-629 ms-image \" aria-roledescription=\"slide\" data-date=\"2014-07-14 20:43:29\" data-slide-type=\"image\"><img loading=\"lazy\" decoding=\"async\" src=\"https:\/\/www.swiss4vacation.com\/wp-content\/uploads\/2014\/07\/vrbnik-562x340.jpg\" height=\"340\" width=\"562\" alt=\"\" class=\"slider-596 slide-629 msDefaultImage\" \/><\/li>\n            <\/ul>\n        <\/div>\n        \n    <\/div>\n<\/div>\n<p>&nbsp;<\/p>\n<div class='one_half ' > <strong>IN LOCO<\/strong>\u00a0\n<ul class=\"th_list th_list_simple\">\n<li> <span style=\"background:#d1b16e\"><\/span>piscina<\/li>\n<li> <span style=\"background:#d1b16e\"><\/span>Jacuzzi<\/li>\n<li> <span style=\"background:#d1b16e\"><\/span>fitness<\/li>\n<li> <span style=\"background:#d1b16e\"><\/span>gite in bicicletta<\/li>\n<li> <span style=\"background:#d1b16e\"><\/span>corsa<\/li>\n<\/ul>\n <\/div> <div class='one_half last' ><strong> 15min \u2013 30min DI MACCHINA<\/strong>\n<ul class=\"th_list th_list_simple\">\n<li> <span style=\"background:#d1b16e\"><\/span>spiaggia Risika, Ba\u0161ka e Stara Ba\u0161ka<\/li>\n<li> <span style=\"background:#d1b16e\"><\/span>spiaggia Soline\/Klimno (fango curativo)<\/li>\n<li> <span style=\"background:#d1b16e\"><\/span><a href=\"http:\/\/www.nada-vrbnik.hr\">Vrbnik<\/a><\/li>\n<li> <span style=\"background:#d1b16e\"><\/span><a href=\"http:\/\/www.kuca-krckog-prsuta.com\">casa del prosciutto crudo<\/a><\/li>\n<li> <span style=\"background:#d1b16e\"><\/span><a href=\"http:\/\/www.diver-krk.hr\">immersioni<\/a><\/li>\n<li> <span style=\"background:#d1b16e\"><\/span><a href=\"http:\/\/www.grobnik.hr\">autodromo Grobnik<\/a><\/li>\n<li> <span style=\"background:#d1b16e\"><\/span><a href=\"http:\/\/www.rok-nac.com\">Jet-ski Freestyle lezioni individuali da parte dei campioni mondiali Rok e Nac<\/a><\/li>\n<li> <span style=\"background:#d1b16e\"><\/span><a href=\"http:\/\/www.wakeboarder.hr\">skilift Punat<\/a><\/li>\n<li> <span style=\"background:#d1b16e\"><\/span>windsurfing &amp; kite<\/li>\n<li> <span style=\"background:#d1b16e\"><\/span><a href=\"http:\/\/www.marina-punat.hr\">Marina Punat<\/a><\/li>\n<li> <span style=\"background:#d1b16e\"><\/span><a href=\"http:\/\/www.elan-yachting.com\">Vela<\/a><\/li>\n<li> <span style=\"background:#d1b16e\"><\/span><a href=\"http:\/\/www.tjulnji.com\">pesca subacquea<\/a><\/li>\n<\/ul>\n <\/div>\u00a0Dopo tutto questo si pu\u00f2 passare qualche giorno solo in piscina, in pace e in silenzio\u2026.<\/p>\n","protected":false},"excerpt":{"rendered":"<p>La costa croata si trova sul lato orientale del Mare Adriatico. \u00c8 considerata una delle coste pi\u00f9 frastagliate in quanto ha pi\u00f9 di 1.200 isole e di queste quasi 80 abitate. Si pu\u00f2 affermare con certezza che si tratta del mare pi\u00f9 bello per il turismo nautico. Un clima piacevole, venti miti e un mare [&hellip;]<\/p>\n","protected":false},"author":2,"featured_media":0,"parent":877,"menu_order":0,"comment_status":"open","ping_status":"open","template":"","meta":{"footnotes":""},"class_list":["post-922","page","type-page","status-publish","hentry"],"yoast_head":"<!-- This site is optimized with the Yoast SEO plugin v26.5 - https:\/\/yoast.com\/wordpress\/plugins\/seo\/ -->\n<title>COSA FARE - Swiss 4 vacation | Swiss4<\/title>\n<meta name=\"description\" content=\"La costa croata si trova sul lato orientale del Mare Adriatico. \u00c8 considerata una delle coste pi\u00f9 frastagliate in quanto ha pi\u00f9 di 1.200 isole e di queste\" \/>\n<meta name=\"robots\" content=\"index, follow, max-snippet:-1, max-image-preview:large, max-video-preview:-1\" \/>\n<link rel=\"canonical\" href=\"https:\/\/www.swiss4vacation.com\/it\/vegliakrk\/cosa-fare\/\" \/>\n<meta property=\"og:locale\" content=\"it_IT\" \/>\n<meta property=\"og:type\" content=\"article\" \/>\n<meta property=\"og:title\" content=\"COSA FARE - Swiss 4 vacation | Swiss4\" \/>\n<meta property=\"og:description\" content=\"La costa croata si trova sul lato orientale del Mare Adriatico. \u00c8 considerata una delle coste pi\u00f9 frastagliate in quanto ha pi\u00f9 di 1.200 isole e di queste\" \/>\n<meta property=\"og:url\" content=\"https:\/\/www.swiss4vacation.com\/it\/vegliakrk\/cosa-fare\/\" \/>\n<meta property=\"og:site_name\" content=\"Swiss 4 vacation | Swiss4\" \/>\n<meta property=\"article:modified_time\" content=\"2014-08-03T15:46:12+00:00\" \/>\n<meta name=\"twitter:label1\" content=\"Tempo di lettura stimato\" \/>\n\t<meta name=\"twitter:data1\" content=\"1 minuto\" \/>\n<script type=\"application\/ld+json\" class=\"yoast-schema-graph\">{\"@context\":\"https:\/\/schema.org\",\"@graph\":[{\"@type\":\"WebPage\",\"@id\":\"https:\/\/www.swiss4vacation.com\/it\/vegliakrk\/cosa-fare\/\",\"url\":\"https:\/\/www.swiss4vacation.com\/it\/vegliakrk\/cosa-fare\/\",\"name\":\"COSA FARE - Swiss 4 vacation | Swiss4\",\"isPartOf\":{\"@id\":\"https:\/\/www.swiss4vacation.com\/it\/#website\"},\"datePublished\":\"2014-07-28T22:28:11+00:00\",\"dateModified\":\"2014-08-03T15:46:12+00:00\",\"description\":\"La costa croata si trova sul lato orientale del Mare Adriatico. \u00c8 considerata una delle coste pi\u00f9 frastagliate in quanto ha pi\u00f9 di 1.200 isole e di queste\",\"breadcrumb\":{\"@id\":\"https:\/\/www.swiss4vacation.com\/it\/vegliakrk\/cosa-fare\/#breadcrumb\"},\"inLanguage\":\"it-IT\",\"potentialAction\":[{\"@type\":\"ReadAction\",\"target\":[\"https:\/\/www.swiss4vacation.com\/it\/vegliakrk\/cosa-fare\/\"]}]},{\"@type\":\"BreadcrumbList\",\"@id\":\"https:\/\/www.swiss4vacation.com\/it\/vegliakrk\/cosa-fare\/#breadcrumb\",\"itemListElement\":[{\"@type\":\"ListItem\",\"position\":1,\"name\":\"Home\",\"item\":\"https:\/\/www.swiss4vacation.com\/it\/\"},{\"@type\":\"ListItem\",\"position\":2,\"name\":\"COSA FARE\"}]},{\"@type\":\"WebSite\",\"@id\":\"https:\/\/www.swiss4vacation.com\/it\/#website\",\"url\":\"https:\/\/www.swiss4vacation.com\/it\/\",\"name\":\"Swiss 4 vacation | Swiss4\",\"description\":\"Luxury rentals\",\"potentialAction\":[{\"@type\":\"SearchAction\",\"target\":{\"@type\":\"EntryPoint\",\"urlTemplate\":\"https:\/\/www.swiss4vacation.com\/it\/?s={search_term_string}\"},\"query-input\":{\"@type\":\"PropertyValueSpecification\",\"valueRequired\":true,\"valueName\":\"search_term_string\"}}],\"inLanguage\":\"it-IT\"}]}<\/script>\n<!-- \/ Yoast SEO plugin. -->","yoast_head_json":{"title":"COSA FARE - Swiss 4 vacation | Swiss4","description":"La costa croata si trova sul lato orientale del Mare Adriatico. \u00c8 considerata una delle coste pi\u00f9 frastagliate in quanto ha pi\u00f9 di 1.200 isole e di queste","robots":{"index":"index","follow":"follow","max-snippet":"max-snippet:-1","max-image-preview":"max-image-preview:large","max-video-preview":"max-video-preview:-1"},"canonical":"https:\/\/www.swiss4vacation.com\/it\/vegliakrk\/cosa-fare\/","og_locale":"it_IT","og_type":"article","og_title":"COSA FARE - Swiss 4 vacation | Swiss4","og_description":"La costa croata si trova sul lato orientale del Mare Adriatico. \u00c8 considerata una delle coste pi\u00f9 frastagliate in quanto ha pi\u00f9 di 1.200 isole e di queste","og_url":"https:\/\/www.swiss4vacation.com\/it\/vegliakrk\/cosa-fare\/","og_site_name":"Swiss 4 vacation | Swiss4","article_modified_time":"2014-08-03T15:46:12+00:00","twitter_misc":{"Tempo di lettura stimato":"1 minuto"},"schema":{"@context":"https:\/\/schema.org","@graph":[{"@type":"WebPage","@id":"https:\/\/www.swiss4vacation.com\/it\/vegliakrk\/cosa-fare\/","url":"https:\/\/www.swiss4vacation.com\/it\/vegliakrk\/cosa-fare\/","name":"COSA FARE - Swiss 4 vacation | Swiss4","isPartOf":{"@id":"https:\/\/www.swiss4vacation.com\/it\/#website"},"datePublished":"2014-07-28T22:28:11+00:00","dateModified":"2014-08-03T15:46:12+00:00","description":"La costa croata si trova sul lato orientale del Mare Adriatico. \u00c8 considerata una delle coste pi\u00f9 frastagliate in quanto ha pi\u00f9 di 1.200 isole e di queste","breadcrumb":{"@id":"https:\/\/www.swiss4vacation.com\/it\/vegliakrk\/cosa-fare\/#breadcrumb"},"inLanguage":"it-IT","potentialAction":[{"@type":"ReadAction","target":["https:\/\/www.swiss4vacation.com\/it\/vegliakrk\/cosa-fare\/"]}]},{"@type":"BreadcrumbList","@id":"https:\/\/www.swiss4vacation.com\/it\/vegliakrk\/cosa-fare\/#breadcrumb","itemListElement":[{"@type":"ListItem","position":1,"name":"Home","item":"https:\/\/www.swiss4vacation.com\/it\/"},{"@type":"ListItem","position":2,"name":"COSA FARE"}]},{"@type":"WebSite","@id":"https:\/\/www.swiss4vacation.com\/it\/#website","url":"https:\/\/www.swiss4vacation.com\/it\/","name":"Swiss 4 vacation | Swiss4","description":"Luxury rentals","potentialAction":[{"@type":"SearchAction","target":{"@type":"EntryPoint","urlTemplate":"https:\/\/www.swiss4vacation.com\/it\/?s={search_term_string}"},"query-input":{"@type":"PropertyValueSpecification","valueRequired":true,"valueName":"search_term_string"}}],"inLanguage":"it-IT"}]}},"_links":{"self":[{"href":"https:\/\/www.swiss4vacation.com\/it\/wp-json\/wp\/v2\/pages\/922","targetHints":{"allow":["GET"]}}],"collection":[{"href":"https:\/\/www.swiss4vacation.com\/it\/wp-json\/wp\/v2\/pages"}],"about":[{"href":"https:\/\/www.swiss4vacation.com\/it\/wp-json\/wp\/v2\/types\/page"}],"author":[{"embeddable":true,"href":"https:\/\/www.swiss4vacation.com\/it\/wp-json\/wp\/v2\/users\/2"}],"replies":[{"embeddable":true,"href":"https:\/\/www.swiss4vacation.com\/it\/wp-json\/wp\/v2\/comments?post=922"}],"version-history":[{"count":3,"href":"https:\/\/www.swiss4vacation.com\/it\/wp-json\/wp\/v2\/pages\/922\/revisions"}],"predecessor-version":[{"id":925,"href":"https:\/\/www.swiss4vacation.com\/it\/wp-json\/wp\/v2\/pages\/922\/revisions\/925"}],"up":[{"embeddable":true,"href":"https:\/\/www.swiss4vacation.com\/it\/wp-json\/wp\/v2\/pages\/877"}],"wp:attachment":[{"href":"https:\/\/www.swiss4vacation.com\/it\/wp-json\/wp\/v2\/media?parent=922"}],"curies":[{"name":"wp","href":"https:\/\/api.w.org\/{rel}","templated":true}]}}