{"id":968,"date":"2014-07-29T23:07:02","date_gmt":"2014-07-29T21:07:02","guid":{"rendered":"http:\/\/www.swiss4vacation.com\/?page_id=968"},"modified":"2014-08-03T17:45:37","modified_gmt":"2014-08-03T15:45:37","slug":"activites","status":"publish","type":"page","link":"https:\/\/www.swiss4vacation.com\/fr\/florida-2\/activites\/","title":{"rendered":"ACTIVIT\u00c9S"},"content":{"rendered":"<p>La Floride, avec Orlando et ses environs, est la r\u00e9gion qui compte le plus d&rsquo;attractions et de parcs \u00e0 th\u00e8mes au monde. M\u00eame si vous venez exclusivement pour faire du ski nautique ou jouer au golf, vous ne pourrez vraiment pas faire l&rsquo;impasse sur ces curiosit\u00e9s. L&rsquo;offre est trop vaste pour que vous ne vous restreigniez qu&rsquo;\u00e0 une seule activit\u00e9. Et pour couronner le tout, vous profiterez certainement d&rsquo;agr\u00e9ables journ\u00e9es au bord de la piscine, sous le soleil g\u00e9n\u00e9reux de la Floride.<\/p>\n<div id=\"metaslider-id-633\" style=\"max-width: 562px;\" class=\"ml-slider-3-103-0 metaslider metaslider-flex metaslider-633 ml-slider ms-theme-default nav-hidden\" role=\"region\" aria-label=\"Florida \u2013 things to do\" data-height=\"340\" data-width=\"562\">\n    <div id=\"metaslider_container_633\">\n        <div id=\"metaslider_633\">\n            <ul class='slides'>\n                <li style=\"display: block; width: 100%;\" class=\"slide-634 ms-image \" aria-roledescription=\"slide\" data-date=\"2014-07-14 20:47:54\" data-slide-type=\"image\"><img loading=\"lazy\" decoding=\"async\" src=\"https:\/\/www.swiss4vacation.com\/wp-content\/uploads\/2014\/07\/barefoot1-562x340.jpg\" height=\"340\" width=\"562\" alt=\"\" class=\"slider-633 slide-634 msDefaultImage\" \/><\/li>\n                <li style=\"display: none; width: 100%;\" class=\"slide-635 ms-image \" aria-roledescription=\"slide\" data-date=\"2014-07-14 20:48:04\" data-slide-type=\"image\"><img loading=\"lazy\" decoding=\"async\" src=\"https:\/\/www.swiss4vacation.com\/wp-content\/uploads\/2014\/07\/barefoot2-562x340.jpg\" height=\"340\" width=\"562\" alt=\"\" class=\"slider-633 slide-635 msDefaultImage\" \/><\/li>\n                <li style=\"display: none; width: 100%;\" class=\"slide-636 ms-image \" aria-roledescription=\"slide\" data-date=\"2014-07-14 20:48:07\" data-slide-type=\"image\"><img loading=\"lazy\" decoding=\"async\" src=\"https:\/\/www.swiss4vacation.com\/wp-content\/uploads\/2014\/07\/board1-562x340.jpg\" height=\"340\" width=\"562\" alt=\"\" class=\"slider-633 slide-636 msDefaultImage\" \/><\/li>\n                <li style=\"display: none; width: 100%;\" class=\"slide-639 ms-image \" aria-roledescription=\"slide\" data-date=\"2014-07-14 20:48:18\" data-slide-type=\"image\"><img loading=\"lazy\" decoding=\"async\" src=\"https:\/\/www.swiss4vacation.com\/wp-content\/uploads\/2014\/07\/cocoa-beach-562x340.jpg\" height=\"340\" width=\"562\" alt=\"\" class=\"slider-633 slide-639 msDefaultImage\" \/><\/li>\n                <li style=\"display: none; width: 100%;\" class=\"slide-640 ms-image \" aria-roledescription=\"slide\" data-date=\"2014-07-14 20:48:26\" data-slide-type=\"image\"><img loading=\"lazy\" decoding=\"async\" src=\"https:\/\/www.swiss4vacation.com\/wp-content\/uploads\/2014\/07\/disney-562x340.jpg\" height=\"340\" width=\"562\" alt=\"\" class=\"slider-633 slide-640 msDefaultImage\" \/><\/li>\n                <li style=\"display: none; width: 100%;\" class=\"slide-641 ms-image \" aria-roledescription=\"slide\" data-date=\"2014-07-14 20:48:31\" data-slide-type=\"image\"><img loading=\"lazy\" decoding=\"async\" src=\"https:\/\/www.swiss4vacation.com\/wp-content\/uploads\/2014\/07\/gator-562x340.jpg\" height=\"340\" width=\"562\" alt=\"\" class=\"slider-633 slide-641 msDefaultImage\" \/><\/li>\n                <li style=\"display: none; width: 100%;\" class=\"slide-642 ms-image \" aria-roledescription=\"slide\" data-date=\"2014-07-14 20:48:36\" data-slide-type=\"image\"><img loading=\"lazy\" decoding=\"async\" src=\"https:\/\/www.swiss4vacation.com\/wp-content\/uploads\/2014\/07\/golf11-562x340.jpg\" height=\"340\" width=\"562\" alt=\"\" class=\"slider-633 slide-642 msDefaultImage\" \/><\/li>\n                <li style=\"display: none; width: 100%;\" class=\"slide-643 ms-image \" aria-roledescription=\"slide\" data-date=\"2014-07-14 20:48:38\" data-slide-type=\"image\"><img loading=\"lazy\" decoding=\"async\" src=\"https:\/\/www.swiss4vacation.com\/wp-content\/uploads\/2014\/07\/golf31-562x340.jpg\" height=\"340\" width=\"562\" alt=\"\" class=\"slider-633 slide-643 msDefaultImage\" \/><\/li>\n                <li style=\"display: none; width: 100%;\" class=\"slide-644 ms-image \" aria-roledescription=\"slide\" data-date=\"2014-07-14 20:48:40\" data-slide-type=\"image\"><img loading=\"lazy\" decoding=\"async\" src=\"https:\/\/www.swiss4vacation.com\/wp-content\/uploads\/2014\/07\/golf4-562x340.jpg\" height=\"340\" width=\"562\" alt=\"\" class=\"slider-633 slide-644 msDefaultImage\" \/><\/li>\n                <li style=\"display: none; width: 100%;\" class=\"slide-645 ms-image \" aria-roledescription=\"slide\" data-date=\"2014-07-14 20:48:42\" data-slide-type=\"image\"><img loading=\"lazy\" decoding=\"async\" src=\"https:\/\/www.swiss4vacation.com\/wp-content\/uploads\/2014\/07\/golf5-562x340.jpg\" height=\"340\" width=\"562\" alt=\"\" class=\"slider-633 slide-645 msDefaultImage\" \/><\/li>\n                <li style=\"display: none; width: 100%;\" class=\"slide-646 ms-image \" aria-roledescription=\"slide\" data-date=\"2014-07-14 20:48:43\" data-slide-type=\"image\"><img loading=\"lazy\" decoding=\"async\" src=\"https:\/\/www.swiss4vacation.com\/wp-content\/uploads\/2014\/07\/golf6-562x340.jpg\" height=\"340\" width=\"562\" alt=\"\" class=\"slider-633 slide-646 msDefaultImage\" \/><\/li>\n                <li style=\"display: none; width: 100%;\" class=\"slide-647 ms-image \" aria-roledescription=\"slide\" data-date=\"2014-07-14 20:48:46\" data-slide-type=\"image\"><img loading=\"lazy\" decoding=\"async\" src=\"https:\/\/www.swiss4vacation.com\/wp-content\/uploads\/2014\/07\/harry-545x330.jpg\" height=\"340\" width=\"562\" alt=\"\" class=\"slider-633 slide-647 msDefaultImage\" \/><\/li>\n                <li style=\"display: none; width: 100%;\" class=\"slide-648 ms-image \" aria-roledescription=\"slide\" data-date=\"2014-07-14 20:48:49\" data-slide-type=\"image\"><img loading=\"lazy\" decoding=\"async\" src=\"https:\/\/www.swiss4vacation.com\/wp-content\/uploads\/2014\/07\/kolo22-562x340.jpg\" height=\"340\" width=\"562\" alt=\"\" class=\"slider-633 slide-648 msDefaultImage\" \/><\/li>\n                <li style=\"display: none; width: 100%;\" class=\"slide-649 ms-image \" aria-roledescription=\"slide\" data-date=\"2014-07-14 20:48:54\" data-slide-type=\"image\"><img loading=\"lazy\" decoding=\"async\" src=\"https:\/\/www.swiss4vacation.com\/wp-content\/uploads\/2014\/07\/miami1-562x340.jpg\" height=\"340\" width=\"562\" alt=\"\" class=\"slider-633 slide-649 msDefaultImage\" \/><\/li>\n                <li style=\"display: none; width: 100%;\" class=\"slide-650 ms-image \" aria-roledescription=\"slide\" data-date=\"2014-07-14 20:49:01\" data-slide-type=\"image\"><img loading=\"lazy\" decoding=\"async\" src=\"https:\/\/www.swiss4vacation.com\/wp-content\/uploads\/2014\/07\/miami2-562x340.jpg\" height=\"340\" width=\"562\" alt=\"\" class=\"slider-633 slide-650 msDefaultImage\" \/><\/li>\n                <li style=\"display: none; width: 100%;\" class=\"slide-651 ms-image \" aria-roledescription=\"slide\" data-date=\"2014-07-14 20:49:06\" data-slide-type=\"image\"><img loading=\"lazy\" decoding=\"async\" src=\"https:\/\/www.swiss4vacation.com\/wp-content\/uploads\/2014\/07\/miami3-562x340.jpg\" height=\"340\" width=\"562\" alt=\"\" class=\"slider-633 slide-651 msDefaultImage\" \/><\/li>\n                <li style=\"display: none; width: 100%;\" class=\"slide-652 ms-image \" aria-roledescription=\"slide\" data-date=\"2014-07-14 20:49:11\" data-slide-type=\"image\"><img loading=\"lazy\" decoding=\"async\" src=\"https:\/\/www.swiss4vacation.com\/wp-content\/uploads\/2014\/07\/miami4-562x340.jpg\" height=\"340\" width=\"562\" alt=\"\" class=\"slider-633 slide-652 msDefaultImage\" \/><\/li>\n                <li style=\"display: none; width: 100%;\" class=\"slide-653 ms-image \" aria-roledescription=\"slide\" data-date=\"2014-07-14 20:49:21\" data-slide-type=\"image\"><img loading=\"lazy\" decoding=\"async\" src=\"https:\/\/www.swiss4vacation.com\/wp-content\/uploads\/2014\/07\/nasa-562x340.jpg\" height=\"340\" width=\"562\" alt=\"\" class=\"slider-633 slide-653 msDefaultImage\" \/><\/li>\n                <li style=\"display: none; width: 100%;\" class=\"slide-654 ms-image \" aria-roledescription=\"slide\" data-date=\"2014-07-14 20:49:23\" data-slide-type=\"image\"><img loading=\"lazy\" decoding=\"async\" src=\"https:\/\/www.swiss4vacation.com\/wp-content\/uploads\/2014\/07\/rok31-562x340.jpg\" height=\"340\" width=\"562\" alt=\"\" class=\"slider-633 slide-654 msDefaultImage\" \/><\/li>\n                <li style=\"display: none; width: 100%;\" class=\"slide-655 ms-image \" aria-roledescription=\"slide\" data-date=\"2014-07-14 20:49:25\" data-slide-type=\"image\"><img loading=\"lazy\" decoding=\"async\" src=\"https:\/\/www.swiss4vacation.com\/wp-content\/uploads\/2014\/07\/rok41-562x340.jpg\" height=\"340\" width=\"562\" alt=\"\" class=\"slider-633 slide-655 msDefaultImage\" \/><\/li>\n                <li style=\"display: none; width: 100%;\" class=\"slide-656 ms-image \" aria-roledescription=\"slide\" data-date=\"2014-07-14 20:49:31\" data-slide-type=\"image\"><img loading=\"lazy\" decoding=\"async\" src=\"https:\/\/www.swiss4vacation.com\/wp-content\/uploads\/2014\/07\/seaworld-562x340.jpg\" height=\"340\" width=\"562\" alt=\"\" class=\"slider-633 slide-656 msDefaultImage\" \/><\/li>\n                <li style=\"display: none; width: 100%;\" class=\"slide-657 ms-image \" aria-roledescription=\"slide\" data-date=\"2014-07-14 20:49:34\" data-slide-type=\"image\"><img loading=\"lazy\" decoding=\"async\" src=\"https:\/\/www.swiss4vacation.com\/wp-content\/uploads\/2014\/07\/seaworld2-562x340.jpg\" height=\"340\" width=\"562\" alt=\"\" class=\"slider-633 slide-657 msDefaultImage\" \/><\/li>\n                <li style=\"display: none; width: 100%;\" class=\"slide-658 ms-image \" aria-roledescription=\"slide\" data-date=\"2014-07-14 20:49:37\" data-slide-type=\"image\"><img loading=\"lazy\" decoding=\"async\" src=\"https:\/\/www.swiss4vacation.com\/wp-content\/uploads\/2014\/07\/ski1-562x340.jpeg\" height=\"340\" width=\"562\" alt=\"\" class=\"slider-633 slide-658 msDefaultImage\" \/><\/li>\n                <li style=\"display: none; width: 100%;\" class=\"slide-659 ms-image \" aria-roledescription=\"slide\" data-date=\"2014-07-14 20:49:39\" data-slide-type=\"image\"><img loading=\"lazy\" decoding=\"async\" src=\"https:\/\/www.swiss4vacation.com\/wp-content\/uploads\/2014\/07\/ski2-562x340.jpeg\" height=\"340\" width=\"562\" alt=\"\" class=\"slider-633 slide-659 msDefaultImage\" \/><\/li>\n                <li style=\"display: none; width: 100%;\" class=\"slide-660 ms-image \" aria-roledescription=\"slide\" data-date=\"2014-07-14 20:49:42\" data-slide-type=\"image\"><img loading=\"lazy\" decoding=\"async\" src=\"https:\/\/www.swiss4vacation.com\/wp-content\/uploads\/2014\/07\/ski3-562x340.jpeg\" height=\"340\" width=\"562\" alt=\"\" class=\"slider-633 slide-660 msDefaultImage\" \/><\/li>\n                <li style=\"display: none; width: 100%;\" class=\"slide-661 ms-image \" aria-roledescription=\"slide\" data-date=\"2014-07-14 20:49:44\" data-slide-type=\"image\"><img loading=\"lazy\" decoding=\"async\" src=\"https:\/\/www.swiss4vacation.com\/wp-content\/uploads\/2014\/07\/ski4-562x340.jpeg\" height=\"340\" width=\"562\" alt=\"\" class=\"slider-633 slide-661 msDefaultImage\" \/><\/li>\n                <li style=\"display: none; width: 100%;\" class=\"slide-662 ms-image \" aria-roledescription=\"slide\" data-date=\"2014-07-14 20:49:47\" data-slide-type=\"image\"><img loading=\"lazy\" decoding=\"async\" src=\"https:\/\/www.swiss4vacation.com\/wp-content\/uploads\/2014\/07\/ski5-540x326.jpeg\" height=\"340\" width=\"562\" alt=\"\" class=\"slider-633 slide-662 msDefaultImage\" \/><\/li>\n                <li style=\"display: none; width: 100%;\" class=\"slide-663 ms-image \" aria-roledescription=\"slide\" data-date=\"2014-07-14 20:49:49\" data-slide-type=\"image\"><img loading=\"lazy\" decoding=\"async\" src=\"https:\/\/www.swiss4vacation.com\/wp-content\/uploads\/2014\/07\/ski6-562x340.jpeg\" height=\"340\" width=\"562\" alt=\"\" class=\"slider-633 slide-663 msDefaultImage\" \/><\/li>\n                <li style=\"display: none; width: 100%;\" class=\"slide-664 ms-image \" aria-roledescription=\"slide\" data-date=\"2014-07-14 20:49:50\" data-slide-type=\"image\"><img loading=\"lazy\" decoding=\"async\" src=\"https:\/\/www.swiss4vacation.com\/wp-content\/uploads\/2014\/07\/ski7-562x340.jpeg\" height=\"340\" width=\"562\" alt=\"\" class=\"slider-633 slide-664 msDefaultImage\" \/><\/li>\n                <li style=\"display: none; width: 100%;\" class=\"slide-665 ms-image \" aria-roledescription=\"slide\" data-date=\"2014-07-14 20:49:55\" data-slide-type=\"image\"><img loading=\"lazy\" decoding=\"async\" src=\"https:\/\/www.swiss4vacation.com\/wp-content\/uploads\/2014\/07\/swimm-562x340.jpg\" height=\"340\" width=\"562\" alt=\"\" class=\"slider-633 slide-665 msDefaultImage\" \/><\/li>\n            <\/ul>\n        <\/div>\n        \n    <\/div>\n<\/div>\n<p>&nbsp;<\/p>\n<div class='one_half ' >\n<p><strong>SUR PLACE<\/strong><\/p>\n\n<ul class=\"th_list th_list_simple\">\n<li> <span style=\"background:#d1b16e\"><\/span>piscine<\/li>\n<li> <span style=\"background:#d1b16e\"><\/span><a href=\"http:\/\/www.swissskischool.com\">ski nautique<\/a><\/li>\n<li> <span style=\"background:#d1b16e\"><\/span><a href=\"http:\/\/www.swiss-fairways.com\">Golf<\/a><\/li>\n<li> <span style=\"background:#d1b16e\"><\/span><a href=\"http:\/\/www.rok-nac.com\">Le\u00e7on priv\u00e9es de Jetski Freestyle par les champions du monde Rok et Nac<\/a><\/li>\n<li> <span style=\"background:#d1b16e\"><\/span>tennis<\/li>\n<li> <span style=\"background:#d1b16e\"><\/span>v\u00e9lo<\/li>\n<\/ul>\n\n<\/div>\n<div class='one_half last' >\n<p><strong>15\u00a0min \u2013 90min de route<\/strong><\/p>\n\n<ul class=\"th_list th_list_simple\">\n<li> <span style=\"background:#d1b16e\"><\/span><a href=\"http:\/\/www.usantc.com\">National Training Center<\/a><\/li>\n<li> <span style=\"background:#d1b16e\"><\/span><a href=\"https:\/\/disneyworld.disney.go.com\">Disney World<\/a><\/li>\n<li> <span style=\"background:#d1b16e\"><\/span><a href=\"http:\/\/seaworld.com\">SeaWorld<\/a><\/li>\n<li> <span style=\"background:#d1b16e\"><\/span><a href=\"http:\/\/www.gatorland.com\">GatorLand<\/a><\/li>\n<li> <span style=\"background:#d1b16e\"><\/span><a href=\"http:\/\/www.universalstudios.com\">Universal Studios<\/a><\/li>\n<li> <span style=\"background:#d1b16e\"><\/span><a href=\"http:\/\/www.kennedyspacecenter.com\">Kennedy Space Center<\/a><\/li>\n<li> <span style=\"background:#d1b16e\"><\/span><a href=\"http:\/\/buschgardens.com\">Bush Gardens<\/a><\/li>\n<li> <span style=\"background:#d1b16e\"><\/span><a href=\"http:\/\/www.cocoabeach.com\">Cocoa Beach<\/a><\/li>\n<\/ul>\n\n<\/div>\n<p>Vous reviendrez, Miami aussi vous attend&#8230;<\/p>\n","protected":false},"excerpt":{"rendered":"<p>La Floride, avec Orlando et ses environs, est la r\u00e9gion qui compte le plus d&rsquo;attractions et de parcs \u00e0 th\u00e8mes au monde. M\u00eame si vous venez exclusivement pour faire du ski nautique ou jouer au golf, vous ne pourrez vraiment pas faire l&rsquo;impasse sur ces curiosit\u00e9s. L&rsquo;offre est trop vaste pour que vous ne vous [&hellip;]<\/p>\n","protected":false},"author":2,"featured_media":0,"parent":946,"menu_order":0,"comment_status":"open","ping_status":"open","template":"","meta":{"footnotes":""},"class_list":["post-968","page","type-page","status-publish","hentry"],"yoast_head":"<!-- This site is optimized with the Yoast SEO plugin v26.5 - https:\/\/yoast.com\/wordpress\/plugins\/seo\/ -->\n<title>ACTIVIT\u00c9S - Swiss 4 vacation | Swiss4<\/title>\n<meta name=\"description\" content=\"La Floride, avec Orlando et ses environs, est la r\u00e9gion qui compte le plus d&#039;attractions et de parcs \u00e0 th\u00e8mes au monde. M\u00eame si vous venez exclusivement\" \/>\n<meta name=\"robots\" content=\"index, follow, max-snippet:-1, max-image-preview:large, max-video-preview:-1\" \/>\n<link rel=\"canonical\" href=\"https:\/\/www.swiss4vacation.com\/fr\/florida-2\/activites\/\" \/>\n<meta property=\"og:locale\" content=\"fr_FR\" \/>\n<meta property=\"og:type\" content=\"article\" \/>\n<meta property=\"og:title\" content=\"ACTIVIT\u00c9S - Swiss 4 vacation | Swiss4\" \/>\n<meta property=\"og:description\" content=\"La Floride, avec Orlando et ses environs, est la r\u00e9gion qui compte le plus d&#039;attractions et de parcs \u00e0 th\u00e8mes au monde. M\u00eame si vous venez exclusivement\" \/>\n<meta property=\"og:url\" content=\"https:\/\/www.swiss4vacation.com\/fr\/florida-2\/activites\/\" \/>\n<meta property=\"og:site_name\" content=\"Swiss 4 vacation | Swiss4\" \/>\n<meta property=\"article:modified_time\" content=\"2014-08-03T15:45:37+00:00\" \/>\n<meta name=\"twitter:label1\" content=\"Dur\u00e9e de lecture estim\u00e9e\" \/>\n\t<meta name=\"twitter:data1\" content=\"1 minute\" \/>\n<script type=\"application\/ld+json\" class=\"yoast-schema-graph\">{\"@context\":\"https:\/\/schema.org\",\"@graph\":[{\"@type\":\"WebPage\",\"@id\":\"https:\/\/www.swiss4vacation.com\/fr\/florida-2\/activites\/\",\"url\":\"https:\/\/www.swiss4vacation.com\/fr\/florida-2\/activites\/\",\"name\":\"ACTIVIT\u00c9S - Swiss 4 vacation | Swiss4\",\"isPartOf\":{\"@id\":\"https:\/\/www.swiss4vacation.com\/fr\/#website\"},\"datePublished\":\"2014-07-29T21:07:02+00:00\",\"dateModified\":\"2014-08-03T15:45:37+00:00\",\"description\":\"La Floride, avec Orlando et ses environs, est la r\u00e9gion qui compte le plus d'attractions et de parcs \u00e0 th\u00e8mes au monde. M\u00eame si vous venez exclusivement\",\"breadcrumb\":{\"@id\":\"https:\/\/www.swiss4vacation.com\/fr\/florida-2\/activites\/#breadcrumb\"},\"inLanguage\":\"fr-FR\",\"potentialAction\":[{\"@type\":\"ReadAction\",\"target\":[\"https:\/\/www.swiss4vacation.com\/fr\/florida-2\/activites\/\"]}]},{\"@type\":\"BreadcrumbList\",\"@id\":\"https:\/\/www.swiss4vacation.com\/fr\/florida-2\/activites\/#breadcrumb\",\"itemListElement\":[{\"@type\":\"ListItem\",\"position\":1,\"name\":\"Home\",\"item\":\"https:\/\/www.swiss4vacation.com\/fr\/\"},{\"@type\":\"ListItem\",\"position\":2,\"name\":\"ACTIVIT\u00c9S\"}]},{\"@type\":\"WebSite\",\"@id\":\"https:\/\/www.swiss4vacation.com\/fr\/#website\",\"url\":\"https:\/\/www.swiss4vacation.com\/fr\/\",\"name\":\"Swiss 4 vacation | Swiss4\",\"description\":\"Luxury rentals\",\"potentialAction\":[{\"@type\":\"SearchAction\",\"target\":{\"@type\":\"EntryPoint\",\"urlTemplate\":\"https:\/\/www.swiss4vacation.com\/fr\/?s={search_term_string}\"},\"query-input\":{\"@type\":\"PropertyValueSpecification\",\"valueRequired\":true,\"valueName\":\"search_term_string\"}}],\"inLanguage\":\"fr-FR\"}]}<\/script>\n<!-- \/ Yoast SEO plugin. -->","yoast_head_json":{"title":"ACTIVIT\u00c9S - Swiss 4 vacation | Swiss4","description":"La Floride, avec Orlando et ses environs, est la r\u00e9gion qui compte le plus d'attractions et de parcs \u00e0 th\u00e8mes au monde. M\u00eame si vous venez exclusivement","robots":{"index":"index","follow":"follow","max-snippet":"max-snippet:-1","max-image-preview":"max-image-preview:large","max-video-preview":"max-video-preview:-1"},"canonical":"https:\/\/www.swiss4vacation.com\/fr\/florida-2\/activites\/","og_locale":"fr_FR","og_type":"article","og_title":"ACTIVIT\u00c9S - Swiss 4 vacation | Swiss4","og_description":"La Floride, avec Orlando et ses environs, est la r\u00e9gion qui compte le plus d'attractions et de parcs \u00e0 th\u00e8mes au monde. M\u00eame si vous venez exclusivement","og_url":"https:\/\/www.swiss4vacation.com\/fr\/florida-2\/activites\/","og_site_name":"Swiss 4 vacation | Swiss4","article_modified_time":"2014-08-03T15:45:37+00:00","twitter_misc":{"Dur\u00e9e de lecture estim\u00e9e":"1 minute"},"schema":{"@context":"https:\/\/schema.org","@graph":[{"@type":"WebPage","@id":"https:\/\/www.swiss4vacation.com\/fr\/florida-2\/activites\/","url":"https:\/\/www.swiss4vacation.com\/fr\/florida-2\/activites\/","name":"ACTIVIT\u00c9S - Swiss 4 vacation | Swiss4","isPartOf":{"@id":"https:\/\/www.swiss4vacation.com\/fr\/#website"},"datePublished":"2014-07-29T21:07:02+00:00","dateModified":"2014-08-03T15:45:37+00:00","description":"La Floride, avec Orlando et ses environs, est la r\u00e9gion qui compte le plus d'attractions et de parcs \u00e0 th\u00e8mes au monde. M\u00eame si vous venez exclusivement","breadcrumb":{"@id":"https:\/\/www.swiss4vacation.com\/fr\/florida-2\/activites\/#breadcrumb"},"inLanguage":"fr-FR","potentialAction":[{"@type":"ReadAction","target":["https:\/\/www.swiss4vacation.com\/fr\/florida-2\/activites\/"]}]},{"@type":"BreadcrumbList","@id":"https:\/\/www.swiss4vacation.com\/fr\/florida-2\/activites\/#breadcrumb","itemListElement":[{"@type":"ListItem","position":1,"name":"Home","item":"https:\/\/www.swiss4vacation.com\/fr\/"},{"@type":"ListItem","position":2,"name":"ACTIVIT\u00c9S"}]},{"@type":"WebSite","@id":"https:\/\/www.swiss4vacation.com\/fr\/#website","url":"https:\/\/www.swiss4vacation.com\/fr\/","name":"Swiss 4 vacation | Swiss4","description":"Luxury rentals","potentialAction":[{"@type":"SearchAction","target":{"@type":"EntryPoint","urlTemplate":"https:\/\/www.swiss4vacation.com\/fr\/?s={search_term_string}"},"query-input":{"@type":"PropertyValueSpecification","valueRequired":true,"valueName":"search_term_string"}}],"inLanguage":"fr-FR"}]}},"_links":{"self":[{"href":"https:\/\/www.swiss4vacation.com\/fr\/wp-json\/wp\/v2\/pages\/968","targetHints":{"allow":["GET"]}}],"collection":[{"href":"https:\/\/www.swiss4vacation.com\/fr\/wp-json\/wp\/v2\/pages"}],"about":[{"href":"https:\/\/www.swiss4vacation.com\/fr\/wp-json\/wp\/v2\/types\/page"}],"author":[{"embeddable":true,"href":"https:\/\/www.swiss4vacation.com\/fr\/wp-json\/wp\/v2\/users\/2"}],"replies":[{"embeddable":true,"href":"https:\/\/www.swiss4vacation.com\/fr\/wp-json\/wp\/v2\/comments?post=968"}],"version-history":[{"count":1,"href":"https:\/\/www.swiss4vacation.com\/fr\/wp-json\/wp\/v2\/pages\/968\/revisions"}],"predecessor-version":[{"id":972,"href":"https:\/\/www.swiss4vacation.com\/fr\/wp-json\/wp\/v2\/pages\/968\/revisions\/972"}],"up":[{"embeddable":true,"href":"https:\/\/www.swiss4vacation.com\/fr\/wp-json\/wp\/v2\/pages\/946"}],"wp:attachment":[{"href":"https:\/\/www.swiss4vacation.com\/fr\/wp-json\/wp\/v2\/media?parent=968"}],"curies":[{"name":"wp","href":"https:\/\/api.w.org\/{rel}","templated":true}]}}