{"id":953,"date":"2014-07-29T22:52:14","date_gmt":"2014-07-29T20:52:14","guid":{"rendered":"http:\/\/www.swiss4vacation.com\/?page_id=953"},"modified":"2014-08-03T17:45:37","modified_gmt":"2014-08-03T15:45:37","slug":"florida-swiss-4-superbe-maison-au-coeur-de-la-floride","status":"publish","type":"page","link":"https:\/\/www.swiss4vacation.com\/fr\/florida-2\/florida-swiss-4-superbe-maison-au-coeur-de-la-floride\/","title":{"rendered":"FLORIDA \u2013 SWISS 4, SUPERBE MAISON AU C\u0152UR DE LA FLORIDE"},"content":{"rendered":"<p>Floride \u2013 le pays du soleil et des oranges Swiss\u00a04 se trouve en plein c\u0153ur de la Floride, \u00e0 35\u00a0min de route de l&rsquo;a\u00e9roport international d&rsquo;Orlando. La maison est nich\u00e9e entre un lac naturel, un immense terrain de golf et des \u00e9tangs sp\u00e9cialement am\u00e9nag\u00e9s pour pratiquer le ski nautique. Avec ses trois chambres, toutes dot\u00e9es d&rsquo;une salle de bain, elle peut accueillir 6\u00a0personnes adultes ou une famille avec 4\u00a0enfants. La cuisine tout \u00e9quip\u00e9e est pr\u00eate \u00e0 vous accompagner dans vos cr\u00e9ations culinaires. La cuisine et le salon spacieux se prolongent sur la terrasse ext\u00e9rieure, qui est en partie couverte, en partie d\u00e9couverte. La piscine ext\u00e9rieure mesure\u00a015\u00a0m\u00a0x\u00a05\u00a0m. Lorsque le soleil tape trop fort et que la canicule s\u00e9vit, vous trouverez suffisamment de fra\u00eecheur \u00e0 l&rsquo;int\u00e9rieur de la maison \u00e9quip\u00e9e d&rsquo;un syst\u00e8me de climatisation centrale r\u00e9gul\u00e9e de haute capacit\u00e9. Tout cela dans un \u00e9crin de verdure de\u00a03000\u00a0m2 parfaitement entretenu par un syst\u00e8me d&rsquo;arrosage automatique. Et quand le soleil se couche, les grands palmiers et les buissons constamment en fleurs sont mis en lumi\u00e8re par un subtil \u00e9clairage d&rsquo;ambiance ext\u00e9rieur. La maison offre une infinit\u00e9 de possibilit\u00e9s \u00e0 toutes les saisons. Swiss Waterski Resort est la plus grande \u00e9cole et le plus grand centre de ski nautique. Il est fort probable que vous y skiiez en compagnie d&rsquo;une personne qui compte parmi les dix meilleurs adeptes mondiaux de ce sport formidable. Que vous soyez d\u00e9butant ou expert confirm\u00e9, vous apprendrez toujours quelque chose de nouveau. L&#8217;embarcad\u00e8re est situ\u00e9 \u00e0\u00a03\u00a0petites minutes de marche. Le club de golf Swiss Fairways est un terrain qui vous offre tout ce dont vous r\u00eavez. Ce terrain vaste, d\u00e9gag\u00e9 et verdoyant vous propose 75\u00a0obstacles de sable et 10\u00a0obstacles d&rsquo;eau. Dot\u00e9 d&rsquo;un relief marqu\u00e9, ce qui est rare en Floride, il satisfera aussi bien les d\u00e9butants que les joueurs confirm\u00e9s. Le terrain se trouve \u00e0 1\u00a0min de marche de la maison. Lorsque vous aurez fait assez de sport et que m\u00eame la piscine ne vous attirera plus, prenez un jour de temps libre pour partir d\u00e9couvrir les attractions de classe mondiale des environs. Orlando et ses alentours sont un gigantesque parc d&rsquo;attractions. Et pour voir tout ce qu&rsquo;ils proposent, vous aurez probablement besoin de revenir&#8230; Les attractions mondiales comme Disney, Sea World, Universal Studios, Kennedy Space Center et bien d&rsquo;autres encore vous laisseront toutes sans voix. Et tout cela ne vous suffit pas, vous pouvez partir sur la c\u00f4te Atlantique. La plage la plus proche est Cocoa beach, avec la c\u00e9l\u00e8bre boutique de mat\u00e9riel de surf, Ron Jon. Elle est ouverte 365\u00a0jours par an, 24\u00a0heures sur\u00a024. Louez une planche de surf, chevauchez les vagues et savourez votre temps libre sur les plages de sable infinies, berc\u00e9s par le roulis des vagues, avec une douce brise dans les cheveux.<br \/>\nLa t\u00e9l\u00e9vision par c\u00e2ble et la connexion internet haut d\u00e9bit (par c\u00e2ble et Wi-Fi) sont \u00e0 votre disposition gratuitement. Vous pouvez garer votre v\u00e9hicule soit dans le parking couvert, soit devant la maison.<\/p>\n","protected":false},"excerpt":{"rendered":"<p>Floride \u2013 le pays du soleil et des oranges Swiss\u00a04 se trouve en plein c\u0153ur de la Floride, \u00e0 35\u00a0min de route de l&rsquo;a\u00e9roport international d&rsquo;Orlando. La maison est nich\u00e9e entre un lac naturel, un immense terrain de golf et des \u00e9tangs sp\u00e9cialement am\u00e9nag\u00e9s pour pratiquer le ski nautique. Avec ses trois chambres, toutes dot\u00e9es [&hellip;]<\/p>\n","protected":false},"author":2,"featured_media":0,"parent":946,"menu_order":0,"comment_status":"open","ping_status":"closed","template":"","meta":{"footnotes":""},"class_list":["post-953","page","type-page","status-publish","hentry"],"yoast_head":"<!-- This site is optimized with the Yoast SEO plugin v26.5 - https:\/\/yoast.com\/wordpress\/plugins\/seo\/ -->\n<title>FLORIDA \u2013 SWISS 4, SUPERBE MAISON AU C\u0152UR DE LA FLORIDE - Swiss 4 vacation | Swiss4<\/title>\n<meta name=\"description\" content=\"Floride \u2013 le pays du soleil et des oranges Swiss\u00a04 se trouve en plein c\u0153ur de la Floride, \u00e0 35\u00a0min de route de l&#039;a\u00e9roport international d&#039;Orlando. La\" \/>\n<meta name=\"robots\" content=\"index, follow, max-snippet:-1, max-image-preview:large, max-video-preview:-1\" \/>\n<link rel=\"canonical\" href=\"https:\/\/www.swiss4vacation.com\/fr\/florida-2\/florida-swiss-4-superbe-maison-au-coeur-de-la-floride\/\" \/>\n<meta property=\"og:locale\" content=\"fr_FR\" \/>\n<meta property=\"og:type\" content=\"article\" \/>\n<meta property=\"og:title\" content=\"FLORIDA \u2013 SWISS 4, SUPERBE MAISON AU C\u0152UR DE LA FLORIDE - Swiss 4 vacation | Swiss4\" \/>\n<meta property=\"og:description\" content=\"Floride \u2013 le pays du soleil et des oranges Swiss\u00a04 se trouve en plein c\u0153ur de la Floride, \u00e0 35\u00a0min de route de l&#039;a\u00e9roport international d&#039;Orlando. La\" \/>\n<meta property=\"og:url\" content=\"https:\/\/www.swiss4vacation.com\/fr\/florida-2\/florida-swiss-4-superbe-maison-au-coeur-de-la-floride\/\" \/>\n<meta property=\"og:site_name\" content=\"Swiss 4 vacation | Swiss4\" \/>\n<meta property=\"article:modified_time\" content=\"2014-08-03T15:45:37+00:00\" \/>\n<meta name=\"twitter:label1\" content=\"Dur\u00e9e de lecture estim\u00e9e\" \/>\n\t<meta name=\"twitter:data1\" content=\"3 minutes\" \/>\n<script type=\"application\/ld+json\" class=\"yoast-schema-graph\">{\"@context\":\"https:\/\/schema.org\",\"@graph\":[{\"@type\":\"WebPage\",\"@id\":\"https:\/\/www.swiss4vacation.com\/fr\/florida-2\/florida-swiss-4-superbe-maison-au-coeur-de-la-floride\/\",\"url\":\"https:\/\/www.swiss4vacation.com\/fr\/florida-2\/florida-swiss-4-superbe-maison-au-coeur-de-la-floride\/\",\"name\":\"FLORIDA \u2013 SWISS 4, SUPERBE MAISON AU C\u0152UR DE LA FLORIDE - Swiss 4 vacation | Swiss4\",\"isPartOf\":{\"@id\":\"https:\/\/www.swiss4vacation.com\/fr\/#website\"},\"datePublished\":\"2014-07-29T20:52:14+00:00\",\"dateModified\":\"2014-08-03T15:45:37+00:00\",\"description\":\"Floride \u2013 le pays du soleil et des oranges Swiss\u00a04 se trouve en plein c\u0153ur de la Floride, \u00e0 35\u00a0min de route de l'a\u00e9roport international d'Orlando. La\",\"breadcrumb\":{\"@id\":\"https:\/\/www.swiss4vacation.com\/fr\/florida-2\/florida-swiss-4-superbe-maison-au-coeur-de-la-floride\/#breadcrumb\"},\"inLanguage\":\"fr-FR\",\"potentialAction\":[{\"@type\":\"ReadAction\",\"target\":[\"https:\/\/www.swiss4vacation.com\/fr\/florida-2\/florida-swiss-4-superbe-maison-au-coeur-de-la-floride\/\"]}]},{\"@type\":\"BreadcrumbList\",\"@id\":\"https:\/\/www.swiss4vacation.com\/fr\/florida-2\/florida-swiss-4-superbe-maison-au-coeur-de-la-floride\/#breadcrumb\",\"itemListElement\":[{\"@type\":\"ListItem\",\"position\":1,\"name\":\"Home\",\"item\":\"https:\/\/www.swiss4vacation.com\/fr\/\"},{\"@type\":\"ListItem\",\"position\":2,\"name\":\"FLORIDA \u2013 SWISS 4, SUPERBE MAISON AU C\u0152UR DE LA FLORIDE\"}]},{\"@type\":\"WebSite\",\"@id\":\"https:\/\/www.swiss4vacation.com\/fr\/#website\",\"url\":\"https:\/\/www.swiss4vacation.com\/fr\/\",\"name\":\"Swiss 4 vacation | Swiss4\",\"description\":\"Luxury rentals\",\"potentialAction\":[{\"@type\":\"SearchAction\",\"target\":{\"@type\":\"EntryPoint\",\"urlTemplate\":\"https:\/\/www.swiss4vacation.com\/fr\/?s={search_term_string}\"},\"query-input\":{\"@type\":\"PropertyValueSpecification\",\"valueRequired\":true,\"valueName\":\"search_term_string\"}}],\"inLanguage\":\"fr-FR\"}]}<\/script>\n<!-- \/ Yoast SEO plugin. -->","yoast_head_json":{"title":"FLORIDA \u2013 SWISS 4, SUPERBE MAISON AU C\u0152UR DE LA FLORIDE - Swiss 4 vacation | Swiss4","description":"Floride \u2013 le pays du soleil et des oranges Swiss\u00a04 se trouve en plein c\u0153ur de la Floride, \u00e0 35\u00a0min de route de l'a\u00e9roport international d'Orlando. La","robots":{"index":"index","follow":"follow","max-snippet":"max-snippet:-1","max-image-preview":"max-image-preview:large","max-video-preview":"max-video-preview:-1"},"canonical":"https:\/\/www.swiss4vacation.com\/fr\/florida-2\/florida-swiss-4-superbe-maison-au-coeur-de-la-floride\/","og_locale":"fr_FR","og_type":"article","og_title":"FLORIDA \u2013 SWISS 4, SUPERBE MAISON AU C\u0152UR DE LA FLORIDE - Swiss 4 vacation | Swiss4","og_description":"Floride \u2013 le pays du soleil et des oranges Swiss\u00a04 se trouve en plein c\u0153ur de la Floride, \u00e0 35\u00a0min de route de l'a\u00e9roport international d'Orlando. La","og_url":"https:\/\/www.swiss4vacation.com\/fr\/florida-2\/florida-swiss-4-superbe-maison-au-coeur-de-la-floride\/","og_site_name":"Swiss 4 vacation | Swiss4","article_modified_time":"2014-08-03T15:45:37+00:00","twitter_misc":{"Dur\u00e9e de lecture estim\u00e9e":"3 minutes"},"schema":{"@context":"https:\/\/schema.org","@graph":[{"@type":"WebPage","@id":"https:\/\/www.swiss4vacation.com\/fr\/florida-2\/florida-swiss-4-superbe-maison-au-coeur-de-la-floride\/","url":"https:\/\/www.swiss4vacation.com\/fr\/florida-2\/florida-swiss-4-superbe-maison-au-coeur-de-la-floride\/","name":"FLORIDA \u2013 SWISS 4, SUPERBE MAISON AU C\u0152UR DE LA FLORIDE - Swiss 4 vacation | Swiss4","isPartOf":{"@id":"https:\/\/www.swiss4vacation.com\/fr\/#website"},"datePublished":"2014-07-29T20:52:14+00:00","dateModified":"2014-08-03T15:45:37+00:00","description":"Floride \u2013 le pays du soleil et des oranges Swiss\u00a04 se trouve en plein c\u0153ur de la Floride, \u00e0 35\u00a0min de route de l'a\u00e9roport international d'Orlando. La","breadcrumb":{"@id":"https:\/\/www.swiss4vacation.com\/fr\/florida-2\/florida-swiss-4-superbe-maison-au-coeur-de-la-floride\/#breadcrumb"},"inLanguage":"fr-FR","potentialAction":[{"@type":"ReadAction","target":["https:\/\/www.swiss4vacation.com\/fr\/florida-2\/florida-swiss-4-superbe-maison-au-coeur-de-la-floride\/"]}]},{"@type":"BreadcrumbList","@id":"https:\/\/www.swiss4vacation.com\/fr\/florida-2\/florida-swiss-4-superbe-maison-au-coeur-de-la-floride\/#breadcrumb","itemListElement":[{"@type":"ListItem","position":1,"name":"Home","item":"https:\/\/www.swiss4vacation.com\/fr\/"},{"@type":"ListItem","position":2,"name":"FLORIDA \u2013 SWISS 4, SUPERBE MAISON AU C\u0152UR DE LA FLORIDE"}]},{"@type":"WebSite","@id":"https:\/\/www.swiss4vacation.com\/fr\/#website","url":"https:\/\/www.swiss4vacation.com\/fr\/","name":"Swiss 4 vacation | Swiss4","description":"Luxury rentals","potentialAction":[{"@type":"SearchAction","target":{"@type":"EntryPoint","urlTemplate":"https:\/\/www.swiss4vacation.com\/fr\/?s={search_term_string}"},"query-input":{"@type":"PropertyValueSpecification","valueRequired":true,"valueName":"search_term_string"}}],"inLanguage":"fr-FR"}]}},"_links":{"self":[{"href":"https:\/\/www.swiss4vacation.com\/fr\/wp-json\/wp\/v2\/pages\/953","targetHints":{"allow":["GET"]}}],"collection":[{"href":"https:\/\/www.swiss4vacation.com\/fr\/wp-json\/wp\/v2\/pages"}],"about":[{"href":"https:\/\/www.swiss4vacation.com\/fr\/wp-json\/wp\/v2\/types\/page"}],"author":[{"embeddable":true,"href":"https:\/\/www.swiss4vacation.com\/fr\/wp-json\/wp\/v2\/users\/2"}],"replies":[{"embeddable":true,"href":"https:\/\/www.swiss4vacation.com\/fr\/wp-json\/wp\/v2\/comments?post=953"}],"version-history":[{"count":1,"href":"https:\/\/www.swiss4vacation.com\/fr\/wp-json\/wp\/v2\/pages\/953\/revisions"}],"predecessor-version":[{"id":957,"href":"https:\/\/www.swiss4vacation.com\/fr\/wp-json\/wp\/v2\/pages\/953\/revisions\/957"}],"up":[{"embeddable":true,"href":"https:\/\/www.swiss4vacation.com\/fr\/wp-json\/wp\/v2\/pages\/946"}],"wp:attachment":[{"href":"https:\/\/www.swiss4vacation.com\/fr\/wp-json\/wp\/v2\/media?parent=953"}],"curies":[{"name":"wp","href":"https:\/\/api.w.org\/{rel}","templated":true}]}}