{"id":916,"date":"2014-07-29T00:20:54","date_gmt":"2014-07-28T22:20:54","guid":{"rendered":"http:\/\/www.swiss4vacation.com\/?page_id=916"},"modified":"2014-08-03T17:45:37","modified_gmt":"2014-08-03T15:45:37","slug":"activites","status":"publish","type":"page","link":"https:\/\/www.swiss4vacation.com\/fr\/krk-3\/activites\/","title":{"rendered":"ACTIVIT\u00c9S"},"content":{"rendered":"<p>Le littoral croate s&rsquo;\u00e9tend \u00e0 l&rsquo;est de la mer Adriatique. C&rsquo;est l&rsquo;une des c\u00f4tes les plus d\u00e9coup\u00e9es avec ses plus de\u00a01200\u00a0\u00eeles, dont pr\u00e8s de\u00a080\u00a0sont habit\u00e9es. On peut affirmer sans se tromper que c&rsquo;est l&rsquo;une des mers qui se pr\u00eatent le mieux au tourisme nautique. Un climat agr\u00e9able, des vents constants et une mer aux eaux propres et cristallines\u00a0: il est difficile, aujourd&rsquo;hui, de trouver un endroit qui r\u00e9unisse tous ces atouts. Gr\u00e2ce aux excellentes liaisons routi\u00e8res et a\u00e9riennes qui la relient avec l&rsquo;Europe et le monde, la c\u00f4te croate est litt\u00e9ralement au c\u0153ur de l&rsquo;Europe. Mais elle ne se contente pas d&rsquo;\u00eatre une destination de vacances estivales. Particuli\u00e8rement bienfaisant, le climat de Krk poss\u00e8de des effets th\u00e9rapeutiques prouv\u00e9s sur les maladies respiratoires, ainsi que sur les maladies de la peau et des os. Plong\u00e9e, p\u00eache, p\u00eache sous-marine, sports aquatiques et cyclisme ne commencent vraiment que lorsque la haute saison touristique prend fin.<br \/>\n<div id=\"metaslider-id-596\" style=\"max-width: 562px;\" class=\"ml-slider-3-103-0 metaslider metaslider-flex metaslider-596 ml-slider ms-theme-default nav-hidden\" role=\"region\" aria-label=\"Krk \u2013 things to do\" data-height=\"340\" data-width=\"562\">\n    <div id=\"metaslider_container_596\">\n        <div id=\"metaslider_596\">\n            <ul class='slides'>\n                <li style=\"display: block; width: 100%;\" class=\"slide-597 ms-image \" aria-roledescription=\"slide\" data-date=\"2014-07-14 20:41:20\" data-slide-type=\"image\"><img loading=\"lazy\" decoding=\"async\" src=\"https:\/\/www.swiss4vacation.com\/wp-content\/uploads\/2014\/07\/beach1-562x340.jpg\" height=\"340\" width=\"562\" alt=\"\" class=\"slider-596 slide-597 msDefaultImage\" \/><\/li>\n                <li style=\"display: none; width: 100%;\" class=\"slide-598 ms-image \" aria-roledescription=\"slide\" data-date=\"2014-07-14 20:41:30\" data-slide-type=\"image\"><img loading=\"lazy\" decoding=\"async\" src=\"https:\/\/www.swiss4vacation.com\/wp-content\/uploads\/2014\/07\/beach2-562x340.jpg\" height=\"340\" width=\"562\" alt=\"\" class=\"slider-596 slide-598 msDefaultImage\" \/><\/li>\n                <li style=\"display: none; width: 100%;\" class=\"slide-599 ms-image \" aria-roledescription=\"slide\" data-date=\"2014-07-14 20:41:32\" data-slide-type=\"image\"><img loading=\"lazy\" decoding=\"async\" src=\"https:\/\/www.swiss4vacation.com\/wp-content\/uploads\/2014\/07\/dive1-562x340.jpg\" height=\"340\" width=\"562\" alt=\"\" class=\"slider-596 slide-599 msDefaultImage\" \/><\/li>\n                <li style=\"display: none; width: 100%;\" class=\"slide-602 ms-image \" aria-roledescription=\"slide\" data-date=\"2014-07-14 20:41:42\" data-slide-type=\"image\"><img loading=\"lazy\" decoding=\"async\" src=\"https:\/\/www.swiss4vacation.com\/wp-content\/uploads\/2014\/07\/dive5-562x340.jpg\" height=\"340\" width=\"562\" alt=\"\" class=\"slider-596 slide-602 msDefaultImage\" \/><\/li>\n                <li style=\"display: none; width: 100%;\" class=\"slide-603 ms-image \" aria-roledescription=\"slide\" data-date=\"2014-07-14 20:41:51\" data-slide-type=\"image\"><img loading=\"lazy\" decoding=\"async\" src=\"https:\/\/www.swiss4vacation.com\/wp-content\/uploads\/2014\/07\/dubrovnik-562x340.jpg\" height=\"340\" width=\"562\" alt=\"\" class=\"slider-596 slide-603 msDefaultImage\" \/><\/li>\n                <li style=\"display: none; width: 100%;\" class=\"slide-604 ms-image \" aria-roledescription=\"slide\" data-date=\"2014-07-14 20:41:56\" data-slide-type=\"image\"><img loading=\"lazy\" decoding=\"async\" src=\"https:\/\/www.swiss4vacation.com\/wp-content\/uploads\/2014\/07\/dubrovnik2-562x340.jpg\" height=\"340\" width=\"562\" alt=\"\" class=\"slider-596 slide-604 msDefaultImage\" \/><\/li>\n                <li style=\"display: none; width: 100%;\" class=\"slide-605 ms-image \" aria-roledescription=\"slide\" data-date=\"2014-07-14 20:42:01\" data-slide-type=\"image\"><img loading=\"lazy\" decoding=\"async\" src=\"https:\/\/www.swiss4vacation.com\/wp-content\/uploads\/2014\/07\/kite1-562x340.jpg\" height=\"340\" width=\"562\" alt=\"\" class=\"slider-596 slide-605 msDefaultImage\" \/><\/li>\n                <li style=\"display: none; width: 100%;\" class=\"slide-606 ms-image \" aria-roledescription=\"slide\" data-date=\"2014-07-14 20:42:05\" data-slide-type=\"image\"><img loading=\"lazy\" decoding=\"async\" src=\"https:\/\/www.swiss4vacation.com\/wp-content\/uploads\/2014\/07\/kite2-562x340.jpg\" height=\"340\" width=\"562\" alt=\"\" class=\"slider-596 slide-606 msDefaultImage\" \/><\/li>\n                <li style=\"display: none; width: 100%;\" class=\"slide-607 ms-image \" aria-roledescription=\"slide\" data-date=\"2014-07-14 20:42:10\" data-slide-type=\"image\"><img loading=\"lazy\" decoding=\"async\" src=\"https:\/\/www.swiss4vacation.com\/wp-content\/uploads\/2014\/07\/kolo11-562x340.jpg\" height=\"340\" width=\"562\" alt=\"\" class=\"slider-596 slide-607 msDefaultImage\" \/><\/li>\n                <li style=\"display: none; width: 100%;\" class=\"slide-608 ms-image \" aria-roledescription=\"slide\" data-date=\"2014-07-14 20:42:14\" data-slide-type=\"image\"><img loading=\"lazy\" decoding=\"async\" src=\"https:\/\/www.swiss4vacation.com\/wp-content\/uploads\/2014\/07\/kolo21-562x340.jpg\" height=\"340\" width=\"562\" alt=\"\" class=\"slider-596 slide-608 msDefaultImage\" \/><\/li>\n                <li style=\"display: none; width: 100%;\" class=\"slide-609 ms-image \" aria-roledescription=\"slide\" data-date=\"2014-07-14 20:42:19\" data-slide-type=\"image\"><img loading=\"lazy\" decoding=\"async\" src=\"https:\/\/www.swiss4vacation.com\/wp-content\/uploads\/2014\/07\/kolo3-562x340.jpg\" height=\"340\" width=\"562\" alt=\"\" class=\"slider-596 slide-609 msDefaultImage\" \/><\/li>\n                <li style=\"display: none; width: 100%;\" class=\"slide-610 ms-image \" aria-roledescription=\"slide\" data-date=\"2014-07-14 20:42:22\" data-slide-type=\"image\"><img loading=\"lazy\" decoding=\"async\" src=\"https:\/\/www.swiss4vacation.com\/wp-content\/uploads\/2014\/07\/kornat1-562x340.jpg\" height=\"340\" width=\"562\" alt=\"\" class=\"slider-596 slide-610 msDefaultImage\" \/><\/li>\n                <li style=\"display: none; width: 100%;\" class=\"slide-611 ms-image \" aria-roledescription=\"slide\" data-date=\"2014-07-14 20:42:24\" data-slide-type=\"image\"><img loading=\"lazy\" decoding=\"async\" src=\"https:\/\/www.swiss4vacation.com\/wp-content\/uploads\/2014\/07\/kornat2-562x340.jpg\" height=\"340\" width=\"562\" alt=\"\" class=\"slider-596 slide-611 msDefaultImage\" \/><\/li>\n                <li style=\"display: none; width: 100%;\" class=\"slide-612 ms-image \" aria-roledescription=\"slide\" data-date=\"2014-07-14 20:42:29\" data-slide-type=\"image\"><img loading=\"lazy\" decoding=\"async\" src=\"https:\/\/www.swiss4vacation.com\/wp-content\/uploads\/2014\/07\/marina1-562x340.jpg\" height=\"340\" width=\"562\" alt=\"\" class=\"slider-596 slide-612 msDefaultImage\" \/><\/li>\n                <li style=\"display: none; width: 100%;\" class=\"slide-613 ms-image \" aria-roledescription=\"slide\" data-date=\"2014-07-14 20:42:32\" data-slide-type=\"image\"><img loading=\"lazy\" decoding=\"async\" src=\"https:\/\/www.swiss4vacation.com\/wp-content\/uploads\/2014\/07\/marina2-562x340.jpg\" height=\"340\" width=\"562\" alt=\"\" class=\"slider-596 slide-613 msDefaultImage\" \/><\/li>\n                <li style=\"display: none; width: 100%;\" class=\"slide-614 ms-image \" aria-roledescription=\"slide\" data-date=\"2014-07-14 20:42:35\" data-slide-type=\"image\"><img loading=\"lazy\" decoding=\"async\" src=\"https:\/\/www.swiss4vacation.com\/wp-content\/uploads\/2014\/07\/moto1-492x298.jpg\" height=\"340\" width=\"562\" alt=\"\" class=\"slider-596 slide-614 msDefaultImage\" \/><\/li>\n                <li style=\"display: none; width: 100%;\" class=\"slide-615 ms-image \" aria-roledescription=\"slide\" data-date=\"2014-07-14 20:42:37\" data-slide-type=\"image\"><img loading=\"lazy\" decoding=\"async\" src=\"https:\/\/www.swiss4vacation.com\/wp-content\/uploads\/2014\/07\/rok1-562x340.jpg\" height=\"340\" width=\"562\" alt=\"\" class=\"slider-596 slide-615 msDefaultImage\" \/><\/li>\n                <li style=\"display: none; width: 100%;\" class=\"slide-616 ms-image \" aria-roledescription=\"slide\" data-date=\"2014-07-14 20:42:39\" data-slide-type=\"image\"><img loading=\"lazy\" decoding=\"async\" src=\"https:\/\/www.swiss4vacation.com\/wp-content\/uploads\/2014\/07\/rok2-562x340.jpg\" height=\"340\" width=\"562\" alt=\"\" class=\"slider-596 slide-616 msDefaultImage\" \/><\/li>\n                <li style=\"display: none; width: 100%;\" class=\"slide-617 ms-image \" aria-roledescription=\"slide\" data-date=\"2014-07-14 20:42:41\" data-slide-type=\"image\"><img loading=\"lazy\" decoding=\"async\" src=\"https:\/\/www.swiss4vacation.com\/wp-content\/uploads\/2014\/07\/rok3-562x340.jpg\" height=\"340\" width=\"562\" alt=\"\" class=\"slider-596 slide-617 msDefaultImage\" \/><\/li>\n                <li style=\"display: none; width: 100%;\" class=\"slide-618 ms-image \" aria-roledescription=\"slide\" data-date=\"2014-07-14 20:42:43\" data-slide-type=\"image\"><img loading=\"lazy\" decoding=\"async\" src=\"https:\/\/www.swiss4vacation.com\/wp-content\/uploads\/2014\/07\/rok4-562x340.jpg\" height=\"340\" width=\"562\" alt=\"\" class=\"slider-596 slide-618 msDefaultImage\" \/><\/li>\n                <li style=\"display: none; width: 100%;\" class=\"slide-619 ms-image \" aria-roledescription=\"slide\" data-date=\"2014-07-14 20:42:45\" data-slide-type=\"image\"><img loading=\"lazy\" decoding=\"async\" src=\"https:\/\/www.swiss4vacation.com\/wp-content\/uploads\/2014\/07\/rok5-562x340.jpg\" height=\"340\" width=\"562\" alt=\"\" class=\"slider-596 slide-619 msDefaultImage\" \/><\/li>\n                <li style=\"display: none; width: 100%;\" class=\"slide-620 ms-image \" aria-roledescription=\"slide\" data-date=\"2014-07-14 20:42:47\" data-slide-type=\"image\"><img loading=\"lazy\" decoding=\"async\" src=\"https:\/\/www.swiss4vacation.com\/wp-content\/uploads\/2014\/07\/rok6-562x340.jpg\" height=\"340\" width=\"562\" alt=\"\" class=\"slider-596 slide-620 msDefaultImage\" \/><\/li>\n                <li style=\"display: none; width: 100%;\" class=\"slide-621 ms-image \" aria-roledescription=\"slide\" data-date=\"2014-07-14 20:42:49\" data-slide-type=\"image\"><img loading=\"lazy\" decoding=\"async\" src=\"https:\/\/www.swiss4vacation.com\/wp-content\/uploads\/2014\/07\/rok7-562x340.jpg\" height=\"340\" width=\"562\" alt=\"\" class=\"slider-596 slide-621 msDefaultImage\" \/><\/li>\n                <li style=\"display: none; width: 100%;\" class=\"slide-622 ms-image \" aria-roledescription=\"slide\" data-date=\"2014-07-14 20:42:54\" data-slide-type=\"image\"><img loading=\"lazy\" decoding=\"async\" src=\"https:\/\/www.swiss4vacation.com\/wp-content\/uploads\/2014\/07\/sail11-562x340.jpg\" height=\"340\" width=\"562\" alt=\"\" class=\"slider-596 slide-622 msDefaultImage\" \/><\/li>\n                <li style=\"display: none; width: 100%;\" class=\"slide-623 ms-image \" aria-roledescription=\"slide\" data-date=\"2014-07-14 20:42:58\" data-slide-type=\"image\"><img loading=\"lazy\" decoding=\"async\" src=\"https:\/\/www.swiss4vacation.com\/wp-content\/uploads\/2014\/07\/sail2-562x340.jpg\" height=\"340\" width=\"562\" alt=\"\" class=\"slider-596 slide-623 msDefaultImage\" \/><\/li>\n                <li style=\"display: none; width: 100%;\" class=\"slide-624 ms-image \" aria-roledescription=\"slide\" data-date=\"2014-07-14 20:43:01\" data-slide-type=\"image\"><img loading=\"lazy\" decoding=\"async\" src=\"https:\/\/www.swiss4vacation.com\/wp-content\/uploads\/2014\/07\/skilift-465x281.jpg\" height=\"340\" width=\"562\" alt=\"\" class=\"slider-596 slide-624 msDefaultImage\" \/><\/li>\n                <li style=\"display: none; width: 100%;\" class=\"slide-625 ms-image \" aria-roledescription=\"slide\" data-date=\"2014-07-14 20:43:05\" data-slide-type=\"image\"><img loading=\"lazy\" decoding=\"async\" src=\"https:\/\/www.swiss4vacation.com\/wp-content\/uploads\/2014\/07\/surf1-562x340.jpg\" height=\"340\" width=\"562\" alt=\"\" class=\"slider-596 slide-625 msDefaultImage\" \/><\/li>\n                <li style=\"display: none; width: 100%;\" class=\"slide-626 ms-image \" aria-roledescription=\"slide\" data-date=\"2014-07-14 20:43:08\" data-slide-type=\"image\"><img loading=\"lazy\" decoding=\"async\" src=\"https:\/\/www.swiss4vacation.com\/wp-content\/uploads\/2014\/07\/surf2-562x340.jpg\" height=\"340\" width=\"562\" alt=\"\" class=\"slider-596 slide-626 msDefaultImage\" \/><\/li>\n                <li style=\"display: none; width: 100%;\" class=\"slide-627 ms-image \" aria-roledescription=\"slide\" data-date=\"2014-07-14 20:43:14\" data-slide-type=\"image\"><img loading=\"lazy\" decoding=\"async\" src=\"https:\/\/www.swiss4vacation.com\/wp-content\/uploads\/2014\/07\/surf3-562x340.jpg\" height=\"340\" width=\"562\" alt=\"\" class=\"slider-596 slide-627 msDefaultImage\" \/><\/li>\n                <li style=\"display: none; width: 100%;\" class=\"slide-629 ms-image \" aria-roledescription=\"slide\" data-date=\"2014-07-14 20:43:29\" data-slide-type=\"image\"><img loading=\"lazy\" decoding=\"async\" src=\"https:\/\/www.swiss4vacation.com\/wp-content\/uploads\/2014\/07\/vrbnik-562x340.jpg\" height=\"340\" width=\"562\" alt=\"\" class=\"slider-596 slide-629 msDefaultImage\" \/><\/li>\n            <\/ul>\n        <\/div>\n        \n    <\/div>\n<\/div>\n<p>&nbsp;<\/p>\n<div class='one_half ' > <strong>SUR PLACE<\/strong>\u00a0\n<ul class=\"th_list th_list_simple\">\n<li> <span style=\"background:#d1b16e\"><\/span>piscine<\/li>\n<li> <span style=\"background:#d1b16e\"><\/span>jacuzzi<\/li>\n<li> <span style=\"background:#d1b16e\"><\/span>fitness<\/li>\n<li> <span style=\"background:#d1b16e\"><\/span>cyclisme<\/li>\n<li> <span style=\"background:#d1b16e\"><\/span>course \u00e0 pied<\/li>\n<\/ul>\n <\/div> <div class='one_half last' ><strong> 15 min \u2013 30 min de route<\/strong>\n<ul class=\"th_list th_list_simple\">\n<li> <span style=\"background:#d1b16e\"><\/span>plage Risika, Ba\u0161ka et Stara Ba\u0161ka<\/li>\n<li> <span style=\"background:#d1b16e\"><\/span>plage Soline\/Klimno (boue th\u00e9rapeutique)<\/li>\n<li> <span style=\"background:#d1b16e\"><\/span><a href=\"http:\/\/www.nada-vrbnik.hr\">Vrbnik<\/a><\/li>\n<li> <span style=\"background:#d1b16e\"><\/span><a href=\"http:\/\/www.kuca-krckog-prsuta.com\">maison du jambon cru<\/a><\/li>\n<li> <span style=\"background:#d1b16e\"><\/span><a href=\"http:\/\/www.diver-krk.hr\">plong\u00e9e<\/a><\/li>\n<li> <span style=\"background:#d1b16e\"><\/span><a href=\"http:\/\/www.grobnik.hr\">circuit avtomotodrom Grobnik<\/a><\/li>\n<li> <span style=\"background:#d1b16e\"><\/span><a href=\"http:\/\/www.rok-nac.com\">Le\u00e7on priv\u00e9es de Jetski Freestyle par les champions du monde Rok et Nac\u00a0<\/a><\/li>\n<li> <span style=\"background:#d1b16e\"><\/span><a href=\"http:\/\/www.wakeboarder.hr\">t\u00e9l\u00e9ski nautique de Punat\u00a0<\/a><\/li>\n<li> <span style=\"background:#d1b16e\"><\/span>planche \u00e0 voile et kite surf<\/li>\n<li> <span style=\"background:#d1b16e\"><\/span><a href=\"http:\/\/www.marina-punat.hr\">Marina Punat<\/a><\/li>\n<li> <span style=\"background:#d1b16e\"><\/span><a href=\"http:\/\/www.elan-yachting.com\">Voile<\/a><\/li>\n<li> <span style=\"background:#d1b16e\"><\/span><a href=\"http:\/\/www.tjulnji.com\">p\u00eache sous-marine<\/a><\/li>\n<\/ul>\n <\/div>\u00a0Et entre toutes ces activit\u00e9s tr\u00e9pidantes, r\u00e9servez-vous tout de m\u00eame une petite journ\u00e9e de repos tranquille au bord de la piscine, au calme&#8230;<\/p>\n","protected":false},"excerpt":{"rendered":"<p>Le littoral croate s&rsquo;\u00e9tend \u00e0 l&rsquo;est de la mer Adriatique. C&rsquo;est l&rsquo;une des c\u00f4tes les plus d\u00e9coup\u00e9es avec ses plus de\u00a01200\u00a0\u00eeles, dont pr\u00e8s de\u00a080\u00a0sont habit\u00e9es. On peut affirmer sans se tromper que c&rsquo;est l&rsquo;une des mers qui se pr\u00eatent le mieux au tourisme nautique. Un climat agr\u00e9able, des vents constants et une mer aux eaux [&hellip;]<\/p>\n","protected":false},"author":2,"featured_media":0,"parent":876,"menu_order":0,"comment_status":"open","ping_status":"open","template":"","meta":{"footnotes":""},"class_list":["post-916","page","type-page","status-publish","hentry"],"yoast_head":"<!-- This site is optimized with the Yoast SEO plugin v26.5 - https:\/\/yoast.com\/wordpress\/plugins\/seo\/ -->\n<title>ACTIVIT\u00c9S - Swiss 4 vacation | Swiss4<\/title>\n<meta name=\"description\" content=\"Le littoral croate s&#039;\u00e9tend \u00e0 l&#039;est de la mer Adriatique. C&#039;est l&#039;une des c\u00f4tes les plus d\u00e9coup\u00e9es avec ses plus de\u00a01200\u00a0\u00eeles, dont pr\u00e8s de\u00a080\u00a0sont\" \/>\n<meta name=\"robots\" content=\"index, follow, max-snippet:-1, max-image-preview:large, max-video-preview:-1\" \/>\n<link rel=\"canonical\" href=\"https:\/\/www.swiss4vacation.com\/fr\/krk-3\/activites\/\" \/>\n<meta property=\"og:locale\" content=\"fr_FR\" \/>\n<meta property=\"og:type\" content=\"article\" \/>\n<meta property=\"og:title\" content=\"ACTIVIT\u00c9S - Swiss 4 vacation | Swiss4\" \/>\n<meta property=\"og:description\" content=\"Le littoral croate s&#039;\u00e9tend \u00e0 l&#039;est de la mer Adriatique. C&#039;est l&#039;une des c\u00f4tes les plus d\u00e9coup\u00e9es avec ses plus de\u00a01200\u00a0\u00eeles, dont pr\u00e8s de\u00a080\u00a0sont\" \/>\n<meta property=\"og:url\" content=\"https:\/\/www.swiss4vacation.com\/fr\/krk-3\/activites\/\" \/>\n<meta property=\"og:site_name\" content=\"Swiss 4 vacation | Swiss4\" \/>\n<meta property=\"article:modified_time\" content=\"2014-08-03T15:45:37+00:00\" \/>\n<meta name=\"twitter:label1\" content=\"Dur\u00e9e de lecture estim\u00e9e\" \/>\n\t<meta name=\"twitter:data1\" content=\"2 minutes\" \/>\n<script type=\"application\/ld+json\" class=\"yoast-schema-graph\">{\"@context\":\"https:\/\/schema.org\",\"@graph\":[{\"@type\":\"WebPage\",\"@id\":\"https:\/\/www.swiss4vacation.com\/fr\/krk-3\/activites\/\",\"url\":\"https:\/\/www.swiss4vacation.com\/fr\/krk-3\/activites\/\",\"name\":\"ACTIVIT\u00c9S - Swiss 4 vacation | Swiss4\",\"isPartOf\":{\"@id\":\"https:\/\/www.swiss4vacation.com\/fr\/#website\"},\"datePublished\":\"2014-07-28T22:20:54+00:00\",\"dateModified\":\"2014-08-03T15:45:37+00:00\",\"description\":\"Le littoral croate s'\u00e9tend \u00e0 l'est de la mer Adriatique. C'est l'une des c\u00f4tes les plus d\u00e9coup\u00e9es avec ses plus de\u00a01200\u00a0\u00eeles, dont pr\u00e8s de\u00a080\u00a0sont\",\"breadcrumb\":{\"@id\":\"https:\/\/www.swiss4vacation.com\/fr\/krk-3\/activites\/#breadcrumb\"},\"inLanguage\":\"fr-FR\",\"potentialAction\":[{\"@type\":\"ReadAction\",\"target\":[\"https:\/\/www.swiss4vacation.com\/fr\/krk-3\/activites\/\"]}]},{\"@type\":\"BreadcrumbList\",\"@id\":\"https:\/\/www.swiss4vacation.com\/fr\/krk-3\/activites\/#breadcrumb\",\"itemListElement\":[{\"@type\":\"ListItem\",\"position\":1,\"name\":\"Home\",\"item\":\"https:\/\/www.swiss4vacation.com\/fr\/\"},{\"@type\":\"ListItem\",\"position\":2,\"name\":\"ACTIVIT\u00c9S\"}]},{\"@type\":\"WebSite\",\"@id\":\"https:\/\/www.swiss4vacation.com\/fr\/#website\",\"url\":\"https:\/\/www.swiss4vacation.com\/fr\/\",\"name\":\"Swiss 4 vacation | Swiss4\",\"description\":\"Luxury rentals\",\"potentialAction\":[{\"@type\":\"SearchAction\",\"target\":{\"@type\":\"EntryPoint\",\"urlTemplate\":\"https:\/\/www.swiss4vacation.com\/fr\/?s={search_term_string}\"},\"query-input\":{\"@type\":\"PropertyValueSpecification\",\"valueRequired\":true,\"valueName\":\"search_term_string\"}}],\"inLanguage\":\"fr-FR\"}]}<\/script>\n<!-- \/ Yoast SEO plugin. -->","yoast_head_json":{"title":"ACTIVIT\u00c9S - Swiss 4 vacation | Swiss4","description":"Le littoral croate s'\u00e9tend \u00e0 l'est de la mer Adriatique. C'est l'une des c\u00f4tes les plus d\u00e9coup\u00e9es avec ses plus de\u00a01200\u00a0\u00eeles, dont pr\u00e8s de\u00a080\u00a0sont","robots":{"index":"index","follow":"follow","max-snippet":"max-snippet:-1","max-image-preview":"max-image-preview:large","max-video-preview":"max-video-preview:-1"},"canonical":"https:\/\/www.swiss4vacation.com\/fr\/krk-3\/activites\/","og_locale":"fr_FR","og_type":"article","og_title":"ACTIVIT\u00c9S - Swiss 4 vacation | Swiss4","og_description":"Le littoral croate s'\u00e9tend \u00e0 l'est de la mer Adriatique. C'est l'une des c\u00f4tes les plus d\u00e9coup\u00e9es avec ses plus de\u00a01200\u00a0\u00eeles, dont pr\u00e8s de\u00a080\u00a0sont","og_url":"https:\/\/www.swiss4vacation.com\/fr\/krk-3\/activites\/","og_site_name":"Swiss 4 vacation | Swiss4","article_modified_time":"2014-08-03T15:45:37+00:00","twitter_misc":{"Dur\u00e9e de lecture estim\u00e9e":"2 minutes"},"schema":{"@context":"https:\/\/schema.org","@graph":[{"@type":"WebPage","@id":"https:\/\/www.swiss4vacation.com\/fr\/krk-3\/activites\/","url":"https:\/\/www.swiss4vacation.com\/fr\/krk-3\/activites\/","name":"ACTIVIT\u00c9S - Swiss 4 vacation | Swiss4","isPartOf":{"@id":"https:\/\/www.swiss4vacation.com\/fr\/#website"},"datePublished":"2014-07-28T22:20:54+00:00","dateModified":"2014-08-03T15:45:37+00:00","description":"Le littoral croate s'\u00e9tend \u00e0 l'est de la mer Adriatique. C'est l'une des c\u00f4tes les plus d\u00e9coup\u00e9es avec ses plus de\u00a01200\u00a0\u00eeles, dont pr\u00e8s de\u00a080\u00a0sont","breadcrumb":{"@id":"https:\/\/www.swiss4vacation.com\/fr\/krk-3\/activites\/#breadcrumb"},"inLanguage":"fr-FR","potentialAction":[{"@type":"ReadAction","target":["https:\/\/www.swiss4vacation.com\/fr\/krk-3\/activites\/"]}]},{"@type":"BreadcrumbList","@id":"https:\/\/www.swiss4vacation.com\/fr\/krk-3\/activites\/#breadcrumb","itemListElement":[{"@type":"ListItem","position":1,"name":"Home","item":"https:\/\/www.swiss4vacation.com\/fr\/"},{"@type":"ListItem","position":2,"name":"ACTIVIT\u00c9S"}]},{"@type":"WebSite","@id":"https:\/\/www.swiss4vacation.com\/fr\/#website","url":"https:\/\/www.swiss4vacation.com\/fr\/","name":"Swiss 4 vacation | Swiss4","description":"Luxury rentals","potentialAction":[{"@type":"SearchAction","target":{"@type":"EntryPoint","urlTemplate":"https:\/\/www.swiss4vacation.com\/fr\/?s={search_term_string}"},"query-input":{"@type":"PropertyValueSpecification","valueRequired":true,"valueName":"search_term_string"}}],"inLanguage":"fr-FR"}]}},"_links":{"self":[{"href":"https:\/\/www.swiss4vacation.com\/fr\/wp-json\/wp\/v2\/pages\/916","targetHints":{"allow":["GET"]}}],"collection":[{"href":"https:\/\/www.swiss4vacation.com\/fr\/wp-json\/wp\/v2\/pages"}],"about":[{"href":"https:\/\/www.swiss4vacation.com\/fr\/wp-json\/wp\/v2\/types\/page"}],"author":[{"embeddable":true,"href":"https:\/\/www.swiss4vacation.com\/fr\/wp-json\/wp\/v2\/users\/2"}],"replies":[{"embeddable":true,"href":"https:\/\/www.swiss4vacation.com\/fr\/wp-json\/wp\/v2\/comments?post=916"}],"version-history":[{"count":3,"href":"https:\/\/www.swiss4vacation.com\/fr\/wp-json\/wp\/v2\/pages\/916\/revisions"}],"predecessor-version":[{"id":919,"href":"https:\/\/www.swiss4vacation.com\/fr\/wp-json\/wp\/v2\/pages\/916\/revisions\/919"}],"up":[{"embeddable":true,"href":"https:\/\/www.swiss4vacation.com\/fr\/wp-json\/wp\/v2\/pages\/876"}],"wp:attachment":[{"href":"https:\/\/www.swiss4vacation.com\/fr\/wp-json\/wp\/v2\/media?parent=916"}],"curies":[{"name":"wp","href":"https:\/\/api.w.org\/{rel}","templated":true}]}}