{"id":684,"date":"2014-07-28T21:50:46","date_gmt":"2014-07-28T19:50:46","guid":{"rendered":"http:\/\/www.swiss4vacation.com\/?page_id=684"},"modified":"2014-08-03T17:45:37","modified_gmt":"2014-08-03T15:45:37","slug":"appartement","status":"publish","type":"page","link":"https:\/\/www.swiss4vacation.com\/fr\/ljubljana-2\/appartement\/","title":{"rendered":"APPARTEMENT"},"content":{"rendered":"<p>Ljubljana est le centre culturel, universitaire, \u00e9conomique et administratif de la Slov\u00e9nie. Cette ville se classe certainement parmi les plus belles d&rsquo;Europe centrale. Relativement petite, propre, ensoleill\u00e9e, elle offre \u00e9galement tout ce que proposent les grandes m\u00e9tropoles europ\u00e9ennes. L&rsquo;appartement deux pi\u00e8ces est situ\u00e9 en plein centre de Ljubljana, \u00e0 seulement 200 m du centre historique de la ville. Juste \u00e0 l&rsquo;angle de la rue, vous trouverez le march\u00e9 de Ljubljana o\u00f9 vous pourrez acheter tous les jours, jusqu&rsquo;en d\u00e9but d&rsquo;apr\u00e8s-midi, tous les produits n\u00e9cessaires pour mitonner un d\u00e9licieux repas, tandis que les commer\u00e7antes vous r\u00e9v\u00e8leront peut-\u00eatre quelques recettes slov\u00e8nes typiques. Les produits alimentaires qui y sont vendus sont d&rsquo;une fra\u00eecheur irr\u00e9prochable et proviennent directement des champs et des fermes des environs. \u00c0 deux pas du march\u00e9, le funiculaire du ch\u00e2teau, les bars et restaurants exceptionnels au bord de la Ljubljanica sont tellement proches que vous ne pourrez pas les ignorer. \u00a0Ljubljana est une capitale qui peut \u00eatre enti\u00e8rement explor\u00e9e \u00e0 pied. Nulle part ailleurs vous ne trouverez une offre pareille. L&rsquo;appartement de 50 m2 peut accueillir dans le confort jusqu&rsquo;\u00e0 4 adultes. Gr\u00e2ce \u00e0 son agencement judicieux et \u00e0 son mobilier raffin\u00e9, il semble beaucoup plus vaste qu&rsquo;il ne l&rsquo;est en r\u00e9alit\u00e9. La chambre \u00e0 coucher est dot\u00e9e d&rsquo;un grand lit double et d&rsquo;armoires murales. Avec ses \u00e9quipements pratiques et son design l\u00e9ch\u00e9, la cuisine saura satisfaire les h\u00f4tes les plus exigeants. \u00a0Le salon dispose d&rsquo;un grand canap\u00e9 convertible en lit pour deux personnes. Passez sur le balcon, et vous vous retrouvez au pied de la colline du ch\u00e2teau. Profitez de la vue reposante sur le vaste parc verdoyant, v\u00e9ritable oasis de tranquillit\u00e9 cach\u00e9e en plein c\u0153ur du centre-ville. \u00a0La t\u00e9l\u00e9vision par c\u00e2ble et la connexion internet haut d\u00e9bit (par c\u00e2ble et Wi-Fi) sont \u00e0 votre disposition gratuitement. Des places de stationnement sont disponibles \u00e0 proximit\u00e9 imm\u00e9diate.<\/p>\n","protected":false},"excerpt":{"rendered":"<p>Ljubljana est le centre culturel, universitaire, \u00e9conomique et administratif de la Slov\u00e9nie. Cette ville se classe certainement parmi les plus belles d&rsquo;Europe centrale. Relativement petite, propre, ensoleill\u00e9e, elle offre \u00e9galement tout ce que proposent les grandes m\u00e9tropoles europ\u00e9ennes. L&rsquo;appartement deux pi\u00e8ces est situ\u00e9 en plein centre de Ljubljana, \u00e0 seulement 200 m du centre historique [&hellip;]<\/p>\n","protected":false},"author":2,"featured_media":0,"parent":677,"menu_order":0,"comment_status":"open","ping_status":"open","template":"","meta":{"footnotes":""},"class_list":["post-684","page","type-page","status-publish","hentry"],"yoast_head":"<!-- This site is optimized with the Yoast SEO plugin v26.5 - https:\/\/yoast.com\/wordpress\/plugins\/seo\/ -->\n<title>APPARTEMENT - Swiss 4 vacation | Swiss4<\/title>\n<meta name=\"description\" content=\"Ljubljana est le centre culturel, universitaire, \u00e9conomique et administratif de la Slov\u00e9nie. Cette ville se classe certainement parmi les plus belles\" \/>\n<meta name=\"robots\" content=\"index, follow, max-snippet:-1, max-image-preview:large, max-video-preview:-1\" \/>\n<link rel=\"canonical\" href=\"https:\/\/www.swiss4vacation.com\/fr\/ljubljana-2\/appartement\/\" \/>\n<meta property=\"og:locale\" content=\"fr_FR\" \/>\n<meta property=\"og:type\" content=\"article\" \/>\n<meta property=\"og:title\" content=\"APPARTEMENT - Swiss 4 vacation | Swiss4\" \/>\n<meta property=\"og:description\" content=\"Ljubljana est le centre culturel, universitaire, \u00e9conomique et administratif de la Slov\u00e9nie. Cette ville se classe certainement parmi les plus belles\" \/>\n<meta property=\"og:url\" content=\"https:\/\/www.swiss4vacation.com\/fr\/ljubljana-2\/appartement\/\" \/>\n<meta property=\"og:site_name\" content=\"Swiss 4 vacation | Swiss4\" \/>\n<meta property=\"article:modified_time\" content=\"2014-08-03T15:45:37+00:00\" \/>\n<meta name=\"twitter:label1\" content=\"Dur\u00e9e de lecture estim\u00e9e\" \/>\n\t<meta name=\"twitter:data1\" content=\"2 minutes\" \/>\n<script type=\"application\/ld+json\" class=\"yoast-schema-graph\">{\"@context\":\"https:\/\/schema.org\",\"@graph\":[{\"@type\":\"WebPage\",\"@id\":\"https:\/\/www.swiss4vacation.com\/fr\/ljubljana-2\/appartement\/\",\"url\":\"https:\/\/www.swiss4vacation.com\/fr\/ljubljana-2\/appartement\/\",\"name\":\"APPARTEMENT - Swiss 4 vacation | Swiss4\",\"isPartOf\":{\"@id\":\"https:\/\/www.swiss4vacation.com\/fr\/#website\"},\"datePublished\":\"2014-07-28T19:50:46+00:00\",\"dateModified\":\"2014-08-03T15:45:37+00:00\",\"description\":\"Ljubljana est le centre culturel, universitaire, \u00e9conomique et administratif de la Slov\u00e9nie. Cette ville se classe certainement parmi les plus belles\",\"breadcrumb\":{\"@id\":\"https:\/\/www.swiss4vacation.com\/fr\/ljubljana-2\/appartement\/#breadcrumb\"},\"inLanguage\":\"fr-FR\",\"potentialAction\":[{\"@type\":\"ReadAction\",\"target\":[\"https:\/\/www.swiss4vacation.com\/fr\/ljubljana-2\/appartement\/\"]}]},{\"@type\":\"BreadcrumbList\",\"@id\":\"https:\/\/www.swiss4vacation.com\/fr\/ljubljana-2\/appartement\/#breadcrumb\",\"itemListElement\":[{\"@type\":\"ListItem\",\"position\":1,\"name\":\"Home\",\"item\":\"https:\/\/www.swiss4vacation.com\/fr\/\"},{\"@type\":\"ListItem\",\"position\":2,\"name\":\"APPARTEMENT\"}]},{\"@type\":\"WebSite\",\"@id\":\"https:\/\/www.swiss4vacation.com\/fr\/#website\",\"url\":\"https:\/\/www.swiss4vacation.com\/fr\/\",\"name\":\"Swiss 4 vacation | Swiss4\",\"description\":\"Luxury rentals\",\"potentialAction\":[{\"@type\":\"SearchAction\",\"target\":{\"@type\":\"EntryPoint\",\"urlTemplate\":\"https:\/\/www.swiss4vacation.com\/fr\/?s={search_term_string}\"},\"query-input\":{\"@type\":\"PropertyValueSpecification\",\"valueRequired\":true,\"valueName\":\"search_term_string\"}}],\"inLanguage\":\"fr-FR\"}]}<\/script>\n<!-- \/ Yoast SEO plugin. -->","yoast_head_json":{"title":"APPARTEMENT - Swiss 4 vacation | Swiss4","description":"Ljubljana est le centre culturel, universitaire, \u00e9conomique et administratif de la Slov\u00e9nie. Cette ville se classe certainement parmi les plus belles","robots":{"index":"index","follow":"follow","max-snippet":"max-snippet:-1","max-image-preview":"max-image-preview:large","max-video-preview":"max-video-preview:-1"},"canonical":"https:\/\/www.swiss4vacation.com\/fr\/ljubljana-2\/appartement\/","og_locale":"fr_FR","og_type":"article","og_title":"APPARTEMENT - Swiss 4 vacation | Swiss4","og_description":"Ljubljana est le centre culturel, universitaire, \u00e9conomique et administratif de la Slov\u00e9nie. Cette ville se classe certainement parmi les plus belles","og_url":"https:\/\/www.swiss4vacation.com\/fr\/ljubljana-2\/appartement\/","og_site_name":"Swiss 4 vacation | Swiss4","article_modified_time":"2014-08-03T15:45:37+00:00","twitter_misc":{"Dur\u00e9e de lecture estim\u00e9e":"2 minutes"},"schema":{"@context":"https:\/\/schema.org","@graph":[{"@type":"WebPage","@id":"https:\/\/www.swiss4vacation.com\/fr\/ljubljana-2\/appartement\/","url":"https:\/\/www.swiss4vacation.com\/fr\/ljubljana-2\/appartement\/","name":"APPARTEMENT - Swiss 4 vacation | Swiss4","isPartOf":{"@id":"https:\/\/www.swiss4vacation.com\/fr\/#website"},"datePublished":"2014-07-28T19:50:46+00:00","dateModified":"2014-08-03T15:45:37+00:00","description":"Ljubljana est le centre culturel, universitaire, \u00e9conomique et administratif de la Slov\u00e9nie. Cette ville se classe certainement parmi les plus belles","breadcrumb":{"@id":"https:\/\/www.swiss4vacation.com\/fr\/ljubljana-2\/appartement\/#breadcrumb"},"inLanguage":"fr-FR","potentialAction":[{"@type":"ReadAction","target":["https:\/\/www.swiss4vacation.com\/fr\/ljubljana-2\/appartement\/"]}]},{"@type":"BreadcrumbList","@id":"https:\/\/www.swiss4vacation.com\/fr\/ljubljana-2\/appartement\/#breadcrumb","itemListElement":[{"@type":"ListItem","position":1,"name":"Home","item":"https:\/\/www.swiss4vacation.com\/fr\/"},{"@type":"ListItem","position":2,"name":"APPARTEMENT"}]},{"@type":"WebSite","@id":"https:\/\/www.swiss4vacation.com\/fr\/#website","url":"https:\/\/www.swiss4vacation.com\/fr\/","name":"Swiss 4 vacation | Swiss4","description":"Luxury rentals","potentialAction":[{"@type":"SearchAction","target":{"@type":"EntryPoint","urlTemplate":"https:\/\/www.swiss4vacation.com\/fr\/?s={search_term_string}"},"query-input":{"@type":"PropertyValueSpecification","valueRequired":true,"valueName":"search_term_string"}}],"inLanguage":"fr-FR"}]}},"_links":{"self":[{"href":"https:\/\/www.swiss4vacation.com\/fr\/wp-json\/wp\/v2\/pages\/684","targetHints":{"allow":["GET"]}}],"collection":[{"href":"https:\/\/www.swiss4vacation.com\/fr\/wp-json\/wp\/v2\/pages"}],"about":[{"href":"https:\/\/www.swiss4vacation.com\/fr\/wp-json\/wp\/v2\/types\/page"}],"author":[{"embeddable":true,"href":"https:\/\/www.swiss4vacation.com\/fr\/wp-json\/wp\/v2\/users\/2"}],"replies":[{"embeddable":true,"href":"https:\/\/www.swiss4vacation.com\/fr\/wp-json\/wp\/v2\/comments?post=684"}],"version-history":[{"count":1,"href":"https:\/\/www.swiss4vacation.com\/fr\/wp-json\/wp\/v2\/pages\/684\/revisions"}],"predecessor-version":[{"id":687,"href":"https:\/\/www.swiss4vacation.com\/fr\/wp-json\/wp\/v2\/pages\/684\/revisions\/687"}],"up":[{"embeddable":true,"href":"https:\/\/www.swiss4vacation.com\/fr\/wp-json\/wp\/v2\/pages\/677"}],"wp:attachment":[{"href":"https:\/\/www.swiss4vacation.com\/fr\/wp-json\/wp\/v2\/media?parent=684"}],"curies":[{"name":"wp","href":"https:\/\/api.w.org\/{rel}","templated":true}]}}