{"id":920,"date":"2014-07-29T00:27:30","date_gmt":"2014-07-28T22:27:30","guid":{"rendered":"http:\/\/www.swiss4vacation.com\/?page_id=920"},"modified":"2014-08-03T17:45:53","modified_gmt":"2014-08-03T15:45:53","slug":"unternehmungen-und-sehenswurdigkeiten","status":"publish","type":"page","link":"https:\/\/www.swiss4vacation.com\/de\/krk-2\/unternehmungen-und-sehenswurdigkeiten\/","title":{"rendered":"UNTERNEHMUNGEN UND SEHENSW\u00dcRDIGKEITEN"},"content":{"rendered":"<p>Die kroatische K\u00fcste befindet sich an der \u00f6stlichen Adria. Sie gilt als eine der zerkl\u00fcftetsten K\u00fcsten der Welt und besteht aus \u00fcber 1 200 Inseln, von denen fast 80 besiedelt sind. Die Adria ist f\u00fcr den nautischen Tourismus mit Sicherheit die beste Destination \u00fcberhaupt. Ein solch angenehmes Klima mit m\u00e4\u00dfigen Winden und kristallklarem Wasser sind zusammen sonst fast nirgendwo zu finden. Durch die guten Stra\u00dfen- und Flugverbindungen mit Europa und der Welt befindet sich Kroatiens K\u00fcste mitten im Herzen von Europa. Warme Sommersonne und sch\u00f6ne Ferien sind l\u00e4ngst nicht alles, was die kroatische K\u00fcste zu bieten hat. Das besonders g\u00fcnstige Klima auf Krk hilft nachweislich bei Haut-, Knochen- und Atembeschwerden. Und mit vielen Aktivit\u00e4ten wie Tauchen, Angeln, Unterseefischen, verschiedenen Wassersportarten und Radtouren geht es nach Ausklingen der Hauptsaison erst so richtig los.<br \/>\n<div id=\"metaslider-id-596\" style=\"max-width: 562px;\" class=\"ml-slider-3-103-0 metaslider metaslider-flex metaslider-596 ml-slider ms-theme-default nav-hidden\" role=\"region\" aria-label=\"Krk \u2013 things to do\" data-height=\"340\" data-width=\"562\">\n    <div id=\"metaslider_container_596\">\n        <div id=\"metaslider_596\">\n            <ul class='slides'>\n                <li style=\"display: block; width: 100%;\" class=\"slide-597 ms-image \" aria-roledescription=\"slide\" data-date=\"2014-07-14 20:41:20\" data-slide-type=\"image\"><img loading=\"lazy\" decoding=\"async\" src=\"https:\/\/www.swiss4vacation.com\/wp-content\/uploads\/2014\/07\/beach1-562x340.jpg\" height=\"340\" width=\"562\" alt=\"\" class=\"slider-596 slide-597 msDefaultImage\" \/><\/li>\n                <li style=\"display: none; width: 100%;\" class=\"slide-598 ms-image \" aria-roledescription=\"slide\" data-date=\"2014-07-14 20:41:30\" data-slide-type=\"image\"><img loading=\"lazy\" decoding=\"async\" src=\"https:\/\/www.swiss4vacation.com\/wp-content\/uploads\/2014\/07\/beach2-562x340.jpg\" height=\"340\" width=\"562\" alt=\"\" class=\"slider-596 slide-598 msDefaultImage\" \/><\/li>\n                <li style=\"display: none; width: 100%;\" class=\"slide-599 ms-image \" aria-roledescription=\"slide\" data-date=\"2014-07-14 20:41:32\" data-slide-type=\"image\"><img loading=\"lazy\" decoding=\"async\" src=\"https:\/\/www.swiss4vacation.com\/wp-content\/uploads\/2014\/07\/dive1-562x340.jpg\" height=\"340\" width=\"562\" alt=\"\" class=\"slider-596 slide-599 msDefaultImage\" \/><\/li>\n                <li style=\"display: none; width: 100%;\" class=\"slide-602 ms-image \" aria-roledescription=\"slide\" data-date=\"2014-07-14 20:41:42\" data-slide-type=\"image\"><img loading=\"lazy\" decoding=\"async\" src=\"https:\/\/www.swiss4vacation.com\/wp-content\/uploads\/2014\/07\/dive5-562x340.jpg\" height=\"340\" width=\"562\" alt=\"\" class=\"slider-596 slide-602 msDefaultImage\" \/><\/li>\n                <li style=\"display: none; width: 100%;\" class=\"slide-603 ms-image \" aria-roledescription=\"slide\" data-date=\"2014-07-14 20:41:51\" data-slide-type=\"image\"><img loading=\"lazy\" decoding=\"async\" src=\"https:\/\/www.swiss4vacation.com\/wp-content\/uploads\/2014\/07\/dubrovnik-562x340.jpg\" height=\"340\" width=\"562\" alt=\"\" class=\"slider-596 slide-603 msDefaultImage\" \/><\/li>\n                <li style=\"display: none; width: 100%;\" class=\"slide-604 ms-image \" aria-roledescription=\"slide\" data-date=\"2014-07-14 20:41:56\" data-slide-type=\"image\"><img loading=\"lazy\" decoding=\"async\" src=\"https:\/\/www.swiss4vacation.com\/wp-content\/uploads\/2014\/07\/dubrovnik2-562x340.jpg\" height=\"340\" width=\"562\" alt=\"\" class=\"slider-596 slide-604 msDefaultImage\" \/><\/li>\n                <li style=\"display: none; width: 100%;\" class=\"slide-605 ms-image \" aria-roledescription=\"slide\" data-date=\"2014-07-14 20:42:01\" data-slide-type=\"image\"><img loading=\"lazy\" decoding=\"async\" src=\"https:\/\/www.swiss4vacation.com\/wp-content\/uploads\/2014\/07\/kite1-562x340.jpg\" height=\"340\" width=\"562\" alt=\"\" class=\"slider-596 slide-605 msDefaultImage\" \/><\/li>\n                <li style=\"display: none; width: 100%;\" class=\"slide-606 ms-image \" aria-roledescription=\"slide\" data-date=\"2014-07-14 20:42:05\" data-slide-type=\"image\"><img loading=\"lazy\" decoding=\"async\" src=\"https:\/\/www.swiss4vacation.com\/wp-content\/uploads\/2014\/07\/kite2-562x340.jpg\" height=\"340\" width=\"562\" alt=\"\" class=\"slider-596 slide-606 msDefaultImage\" \/><\/li>\n                <li style=\"display: none; width: 100%;\" class=\"slide-607 ms-image \" aria-roledescription=\"slide\" data-date=\"2014-07-14 20:42:10\" data-slide-type=\"image\"><img loading=\"lazy\" decoding=\"async\" src=\"https:\/\/www.swiss4vacation.com\/wp-content\/uploads\/2014\/07\/kolo11-562x340.jpg\" height=\"340\" width=\"562\" alt=\"\" class=\"slider-596 slide-607 msDefaultImage\" \/><\/li>\n                <li style=\"display: none; width: 100%;\" class=\"slide-608 ms-image \" aria-roledescription=\"slide\" data-date=\"2014-07-14 20:42:14\" data-slide-type=\"image\"><img loading=\"lazy\" decoding=\"async\" src=\"https:\/\/www.swiss4vacation.com\/wp-content\/uploads\/2014\/07\/kolo21-562x340.jpg\" height=\"340\" width=\"562\" alt=\"\" class=\"slider-596 slide-608 msDefaultImage\" \/><\/li>\n                <li style=\"display: none; width: 100%;\" class=\"slide-609 ms-image \" aria-roledescription=\"slide\" data-date=\"2014-07-14 20:42:19\" data-slide-type=\"image\"><img loading=\"lazy\" decoding=\"async\" src=\"https:\/\/www.swiss4vacation.com\/wp-content\/uploads\/2014\/07\/kolo3-562x340.jpg\" height=\"340\" width=\"562\" alt=\"\" class=\"slider-596 slide-609 msDefaultImage\" \/><\/li>\n                <li style=\"display: none; width: 100%;\" class=\"slide-610 ms-image \" aria-roledescription=\"slide\" data-date=\"2014-07-14 20:42:22\" data-slide-type=\"image\"><img loading=\"lazy\" decoding=\"async\" src=\"https:\/\/www.swiss4vacation.com\/wp-content\/uploads\/2014\/07\/kornat1-562x340.jpg\" height=\"340\" width=\"562\" alt=\"\" class=\"slider-596 slide-610 msDefaultImage\" \/><\/li>\n                <li style=\"display: none; width: 100%;\" class=\"slide-611 ms-image \" aria-roledescription=\"slide\" data-date=\"2014-07-14 20:42:24\" data-slide-type=\"image\"><img loading=\"lazy\" decoding=\"async\" src=\"https:\/\/www.swiss4vacation.com\/wp-content\/uploads\/2014\/07\/kornat2-562x340.jpg\" height=\"340\" width=\"562\" alt=\"\" class=\"slider-596 slide-611 msDefaultImage\" \/><\/li>\n                <li style=\"display: none; width: 100%;\" class=\"slide-612 ms-image \" aria-roledescription=\"slide\" data-date=\"2014-07-14 20:42:29\" data-slide-type=\"image\"><img loading=\"lazy\" decoding=\"async\" src=\"https:\/\/www.swiss4vacation.com\/wp-content\/uploads\/2014\/07\/marina1-562x340.jpg\" height=\"340\" width=\"562\" alt=\"\" class=\"slider-596 slide-612 msDefaultImage\" \/><\/li>\n                <li style=\"display: none; width: 100%;\" class=\"slide-613 ms-image \" aria-roledescription=\"slide\" data-date=\"2014-07-14 20:42:32\" data-slide-type=\"image\"><img loading=\"lazy\" decoding=\"async\" src=\"https:\/\/www.swiss4vacation.com\/wp-content\/uploads\/2014\/07\/marina2-562x340.jpg\" height=\"340\" width=\"562\" alt=\"\" class=\"slider-596 slide-613 msDefaultImage\" \/><\/li>\n                <li style=\"display: none; width: 100%;\" class=\"slide-614 ms-image \" aria-roledescription=\"slide\" data-date=\"2014-07-14 20:42:35\" data-slide-type=\"image\"><img loading=\"lazy\" decoding=\"async\" src=\"https:\/\/www.swiss4vacation.com\/wp-content\/uploads\/2014\/07\/moto1-492x298.jpg\" height=\"340\" width=\"562\" alt=\"\" class=\"slider-596 slide-614 msDefaultImage\" \/><\/li>\n                <li style=\"display: none; width: 100%;\" class=\"slide-615 ms-image \" aria-roledescription=\"slide\" data-date=\"2014-07-14 20:42:37\" data-slide-type=\"image\"><img loading=\"lazy\" decoding=\"async\" src=\"https:\/\/www.swiss4vacation.com\/wp-content\/uploads\/2014\/07\/rok1-562x340.jpg\" height=\"340\" width=\"562\" alt=\"\" class=\"slider-596 slide-615 msDefaultImage\" \/><\/li>\n                <li style=\"display: none; width: 100%;\" class=\"slide-616 ms-image \" aria-roledescription=\"slide\" data-date=\"2014-07-14 20:42:39\" data-slide-type=\"image\"><img loading=\"lazy\" decoding=\"async\" src=\"https:\/\/www.swiss4vacation.com\/wp-content\/uploads\/2014\/07\/rok2-562x340.jpg\" height=\"340\" width=\"562\" alt=\"\" class=\"slider-596 slide-616 msDefaultImage\" \/><\/li>\n                <li style=\"display: none; width: 100%;\" class=\"slide-617 ms-image \" aria-roledescription=\"slide\" data-date=\"2014-07-14 20:42:41\" data-slide-type=\"image\"><img loading=\"lazy\" decoding=\"async\" src=\"https:\/\/www.swiss4vacation.com\/wp-content\/uploads\/2014\/07\/rok3-562x340.jpg\" height=\"340\" width=\"562\" alt=\"\" class=\"slider-596 slide-617 msDefaultImage\" \/><\/li>\n                <li style=\"display: none; width: 100%;\" class=\"slide-618 ms-image \" aria-roledescription=\"slide\" data-date=\"2014-07-14 20:42:43\" data-slide-type=\"image\"><img loading=\"lazy\" decoding=\"async\" src=\"https:\/\/www.swiss4vacation.com\/wp-content\/uploads\/2014\/07\/rok4-562x340.jpg\" height=\"340\" width=\"562\" alt=\"\" class=\"slider-596 slide-618 msDefaultImage\" \/><\/li>\n                <li style=\"display: none; width: 100%;\" class=\"slide-619 ms-image \" aria-roledescription=\"slide\" data-date=\"2014-07-14 20:42:45\" data-slide-type=\"image\"><img loading=\"lazy\" decoding=\"async\" src=\"https:\/\/www.swiss4vacation.com\/wp-content\/uploads\/2014\/07\/rok5-562x340.jpg\" height=\"340\" width=\"562\" alt=\"\" class=\"slider-596 slide-619 msDefaultImage\" \/><\/li>\n                <li style=\"display: none; width: 100%;\" class=\"slide-620 ms-image \" aria-roledescription=\"slide\" data-date=\"2014-07-14 20:42:47\" data-slide-type=\"image\"><img loading=\"lazy\" decoding=\"async\" src=\"https:\/\/www.swiss4vacation.com\/wp-content\/uploads\/2014\/07\/rok6-562x340.jpg\" height=\"340\" width=\"562\" alt=\"\" class=\"slider-596 slide-620 msDefaultImage\" \/><\/li>\n                <li style=\"display: none; width: 100%;\" class=\"slide-621 ms-image \" aria-roledescription=\"slide\" data-date=\"2014-07-14 20:42:49\" data-slide-type=\"image\"><img loading=\"lazy\" decoding=\"async\" src=\"https:\/\/www.swiss4vacation.com\/wp-content\/uploads\/2014\/07\/rok7-562x340.jpg\" height=\"340\" width=\"562\" alt=\"\" class=\"slider-596 slide-621 msDefaultImage\" \/><\/li>\n                <li style=\"display: none; width: 100%;\" class=\"slide-622 ms-image \" aria-roledescription=\"slide\" data-date=\"2014-07-14 20:42:54\" data-slide-type=\"image\"><img loading=\"lazy\" decoding=\"async\" src=\"https:\/\/www.swiss4vacation.com\/wp-content\/uploads\/2014\/07\/sail11-562x340.jpg\" height=\"340\" width=\"562\" alt=\"\" class=\"slider-596 slide-622 msDefaultImage\" \/><\/li>\n                <li style=\"display: none; width: 100%;\" class=\"slide-623 ms-image \" aria-roledescription=\"slide\" data-date=\"2014-07-14 20:42:58\" data-slide-type=\"image\"><img loading=\"lazy\" decoding=\"async\" src=\"https:\/\/www.swiss4vacation.com\/wp-content\/uploads\/2014\/07\/sail2-562x340.jpg\" height=\"340\" width=\"562\" alt=\"\" class=\"slider-596 slide-623 msDefaultImage\" \/><\/li>\n                <li style=\"display: none; width: 100%;\" class=\"slide-624 ms-image \" aria-roledescription=\"slide\" data-date=\"2014-07-14 20:43:01\" data-slide-type=\"image\"><img loading=\"lazy\" decoding=\"async\" src=\"https:\/\/www.swiss4vacation.com\/wp-content\/uploads\/2014\/07\/skilift-465x281.jpg\" height=\"340\" width=\"562\" alt=\"\" class=\"slider-596 slide-624 msDefaultImage\" \/><\/li>\n                <li style=\"display: none; width: 100%;\" class=\"slide-625 ms-image \" aria-roledescription=\"slide\" data-date=\"2014-07-14 20:43:05\" data-slide-type=\"image\"><img loading=\"lazy\" decoding=\"async\" src=\"https:\/\/www.swiss4vacation.com\/wp-content\/uploads\/2014\/07\/surf1-562x340.jpg\" height=\"340\" width=\"562\" alt=\"\" class=\"slider-596 slide-625 msDefaultImage\" \/><\/li>\n                <li style=\"display: none; width: 100%;\" class=\"slide-626 ms-image \" aria-roledescription=\"slide\" data-date=\"2014-07-14 20:43:08\" data-slide-type=\"image\"><img loading=\"lazy\" decoding=\"async\" src=\"https:\/\/www.swiss4vacation.com\/wp-content\/uploads\/2014\/07\/surf2-562x340.jpg\" height=\"340\" width=\"562\" alt=\"\" class=\"slider-596 slide-626 msDefaultImage\" \/><\/li>\n                <li style=\"display: none; width: 100%;\" class=\"slide-627 ms-image \" aria-roledescription=\"slide\" data-date=\"2014-07-14 20:43:14\" data-slide-type=\"image\"><img loading=\"lazy\" decoding=\"async\" src=\"https:\/\/www.swiss4vacation.com\/wp-content\/uploads\/2014\/07\/surf3-562x340.jpg\" height=\"340\" width=\"562\" alt=\"\" class=\"slider-596 slide-627 msDefaultImage\" \/><\/li>\n                <li style=\"display: none; width: 100%;\" class=\"slide-629 ms-image \" aria-roledescription=\"slide\" data-date=\"2014-07-14 20:43:29\" data-slide-type=\"image\"><img loading=\"lazy\" decoding=\"async\" src=\"https:\/\/www.swiss4vacation.com\/wp-content\/uploads\/2014\/07\/vrbnik-562x340.jpg\" height=\"340\" width=\"562\" alt=\"\" class=\"slider-596 slide-629 msDefaultImage\" \/><\/li>\n            <\/ul>\n        <\/div>\n        \n    <\/div>\n<\/div>\n<p>&nbsp;<\/p>\n<div class='one_half ' > <strong>VOR ORT<\/strong>\u00a0\n<ul class=\"th_list th_list_simple\">\n<li> <span style=\"background:#d1b16e\"><\/span>Au\u00dfenpool<\/li>\n<li> <span style=\"background:#d1b16e\"><\/span>Whirlpool<\/li>\n<li> <span style=\"background:#d1b16e\"><\/span>Fitness<\/li>\n<li> <span style=\"background:#d1b16e\"><\/span>Radfahren<\/li>\n<li> <span style=\"background:#d1b16e\"><\/span>Joggen<\/li>\n<\/ul>\n <\/div> <div class='one_half last' ><strong> 15 Min. \u2013 30 Min. FAHRTZEIT\u00a0<\/strong>\n<ul class=\"th_list th_list_simple\">\n<li> <span style=\"background:#d1b16e\"><\/span>Strand Risika, Ba\u0161ka und Stara Ba\u0161ka<\/li>\n<li> <span style=\"background:#d1b16e\"><\/span>Strand Soline\/Klimno (Heilschlamm)<\/li>\n<li> <span style=\"background:#d1b16e\"><\/span><a href=\"http:\/\/www.nada-vrbnik.hr\">Vrbnik<\/a><\/li>\n<li> <span style=\"background:#d1b16e\"><\/span><a href=\"http:\/\/www.kuca-krckog-prsuta.com\">Prosciutto-Haus<\/a><\/li>\n<li> <span style=\"background:#d1b16e\"><\/span><a href=\"http:\/\/www.diver-krk.hr\">Tauchen<\/a><\/li>\n<li> <span style=\"background:#d1b16e\"><\/span><a href=\"http:\/\/www.grobnik.hr\">Avtodrom Grobnik\u00a0<\/a><\/li>\n<li> <span style=\"background:#d1b16e\"><\/span><a href=\"http:\/\/www.rok-nac.com\">Jetski Freestyle Privatstunden von den Weltmeistern Rok und Nace<\/a><\/li>\n<li> <span style=\"background:#d1b16e\"><\/span><a href=\"http:\/\/www.wakeboarder.hr\">Skilift Punat<\/a><\/li>\n<li> <span style=\"background:#d1b16e\"><\/span>Windsurfing &amp; Kite<\/li>\n<li> <span style=\"background:#d1b16e\"><\/span><a href=\"http:\/\/www.marina-punat.hr\">Jachthafen Marina Punat<\/a><\/li>\n<li> <span style=\"background:#d1b16e\"><\/span><a href=\"http:\/\/www.elan-yachting.com\">Segeln<\/a><\/li>\n<li> <span style=\"background:#d1b16e\"><\/span><a href=\"http:\/\/www.tjulnji.com\">Unterwasserfischen<\/a><\/li>\n<\/ul>\n <\/div>\u00a0Nach so vielen Aktivit\u00e4ten ist ein gem\u00fctlicher Tag am Au\u00dfenpool genau das Richtige\u2026<\/p>\n","protected":false},"excerpt":{"rendered":"<p>Die kroatische K\u00fcste befindet sich an der \u00f6stlichen Adria. Sie gilt als eine der zerkl\u00fcftetsten K\u00fcsten der Welt und besteht aus \u00fcber 1 200 Inseln, von denen fast 80 besiedelt sind. Die Adria ist f\u00fcr den nautischen Tourismus mit Sicherheit die beste Destination \u00fcberhaupt. Ein solch angenehmes Klima mit m\u00e4\u00dfigen Winden und kristallklarem Wasser sind [&hellip;]<\/p>\n","protected":false},"author":2,"featured_media":0,"parent":541,"menu_order":0,"comment_status":"open","ping_status":"open","template":"","meta":{"footnotes":""},"class_list":["post-920","page","type-page","status-publish","hentry"],"yoast_head":"<!-- This site is optimized with the Yoast SEO plugin v26.5 - https:\/\/yoast.com\/wordpress\/plugins\/seo\/ -->\n<title>UNTERNEHMUNGEN UND SEHENSW\u00dcRDIGKEITEN  - Swiss 4 vacation | Swiss4<\/title>\n<meta name=\"description\" content=\"Die kroatische K\u00fcste befindet sich an der \u00f6stlichen Adria. Sie gilt als eine der zerkl\u00fcftetsten K\u00fcsten der Welt und besteht aus \u00fcber 1 200 Inseln, von\" \/>\n<meta name=\"robots\" content=\"index, follow, max-snippet:-1, max-image-preview:large, max-video-preview:-1\" \/>\n<link rel=\"canonical\" href=\"https:\/\/www.swiss4vacation.com\/de\/krk-2\/unternehmungen-und-sehenswurdigkeiten\/\" \/>\n<meta property=\"og:locale\" content=\"de_DE\" \/>\n<meta property=\"og:type\" content=\"article\" \/>\n<meta property=\"og:title\" content=\"UNTERNEHMUNGEN UND SEHENSW\u00dcRDIGKEITEN  - Swiss 4 vacation | Swiss4\" \/>\n<meta property=\"og:description\" content=\"Die kroatische K\u00fcste befindet sich an der \u00f6stlichen Adria. Sie gilt als eine der zerkl\u00fcftetsten K\u00fcsten der Welt und besteht aus \u00fcber 1 200 Inseln, von\" \/>\n<meta property=\"og:url\" content=\"https:\/\/www.swiss4vacation.com\/de\/krk-2\/unternehmungen-und-sehenswurdigkeiten\/\" \/>\n<meta property=\"og:site_name\" content=\"Swiss 4 vacation | Swiss4\" \/>\n<meta property=\"article:modified_time\" content=\"2014-08-03T15:45:53+00:00\" \/>\n<meta name=\"twitter:label1\" content=\"Gesch\u00e4tzte Lesezeit\" \/>\n\t<meta name=\"twitter:data1\" content=\"1\u00a0Minute\" \/>\n<script type=\"application\/ld+json\" class=\"yoast-schema-graph\">{\"@context\":\"https:\/\/schema.org\",\"@graph\":[{\"@type\":\"WebPage\",\"@id\":\"https:\/\/www.swiss4vacation.com\/de\/krk-2\/unternehmungen-und-sehenswurdigkeiten\/\",\"url\":\"https:\/\/www.swiss4vacation.com\/de\/krk-2\/unternehmungen-und-sehenswurdigkeiten\/\",\"name\":\"UNTERNEHMUNGEN UND SEHENSW\u00dcRDIGKEITEN - Swiss 4 vacation | Swiss4\",\"isPartOf\":{\"@id\":\"https:\/\/www.swiss4vacation.com\/de\/#website\"},\"datePublished\":\"2014-07-28T22:27:30+00:00\",\"dateModified\":\"2014-08-03T15:45:53+00:00\",\"description\":\"Die kroatische K\u00fcste befindet sich an der \u00f6stlichen Adria. Sie gilt als eine der zerkl\u00fcftetsten K\u00fcsten der Welt und besteht aus \u00fcber 1 200 Inseln, von\",\"breadcrumb\":{\"@id\":\"https:\/\/www.swiss4vacation.com\/de\/krk-2\/unternehmungen-und-sehenswurdigkeiten\/#breadcrumb\"},\"inLanguage\":\"de\",\"potentialAction\":[{\"@type\":\"ReadAction\",\"target\":[\"https:\/\/www.swiss4vacation.com\/de\/krk-2\/unternehmungen-und-sehenswurdigkeiten\/\"]}]},{\"@type\":\"BreadcrumbList\",\"@id\":\"https:\/\/www.swiss4vacation.com\/de\/krk-2\/unternehmungen-und-sehenswurdigkeiten\/#breadcrumb\",\"itemListElement\":[{\"@type\":\"ListItem\",\"position\":1,\"name\":\"Home\",\"item\":\"https:\/\/www.swiss4vacation.com\/de\/\"},{\"@type\":\"ListItem\",\"position\":2,\"name\":\"UNTERNEHMUNGEN UND SEHENSW\u00dcRDIGKEITEN\"}]},{\"@type\":\"WebSite\",\"@id\":\"https:\/\/www.swiss4vacation.com\/de\/#website\",\"url\":\"https:\/\/www.swiss4vacation.com\/de\/\",\"name\":\"Swiss 4 vacation | Swiss4\",\"description\":\"Luxury rentals\",\"potentialAction\":[{\"@type\":\"SearchAction\",\"target\":{\"@type\":\"EntryPoint\",\"urlTemplate\":\"https:\/\/www.swiss4vacation.com\/de\/?s={search_term_string}\"},\"query-input\":{\"@type\":\"PropertyValueSpecification\",\"valueRequired\":true,\"valueName\":\"search_term_string\"}}],\"inLanguage\":\"de\"}]}<\/script>\n<!-- \/ Yoast SEO plugin. -->","yoast_head_json":{"title":"UNTERNEHMUNGEN UND SEHENSW\u00dcRDIGKEITEN  - Swiss 4 vacation | Swiss4","description":"Die kroatische K\u00fcste befindet sich an der \u00f6stlichen Adria. Sie gilt als eine der zerkl\u00fcftetsten K\u00fcsten der Welt und besteht aus \u00fcber 1 200 Inseln, von","robots":{"index":"index","follow":"follow","max-snippet":"max-snippet:-1","max-image-preview":"max-image-preview:large","max-video-preview":"max-video-preview:-1"},"canonical":"https:\/\/www.swiss4vacation.com\/de\/krk-2\/unternehmungen-und-sehenswurdigkeiten\/","og_locale":"de_DE","og_type":"article","og_title":"UNTERNEHMUNGEN UND SEHENSW\u00dcRDIGKEITEN  - Swiss 4 vacation | Swiss4","og_description":"Die kroatische K\u00fcste befindet sich an der \u00f6stlichen Adria. Sie gilt als eine der zerkl\u00fcftetsten K\u00fcsten der Welt und besteht aus \u00fcber 1 200 Inseln, von","og_url":"https:\/\/www.swiss4vacation.com\/de\/krk-2\/unternehmungen-und-sehenswurdigkeiten\/","og_site_name":"Swiss 4 vacation | Swiss4","article_modified_time":"2014-08-03T15:45:53+00:00","twitter_misc":{"Gesch\u00e4tzte Lesezeit":"1\u00a0Minute"},"schema":{"@context":"https:\/\/schema.org","@graph":[{"@type":"WebPage","@id":"https:\/\/www.swiss4vacation.com\/de\/krk-2\/unternehmungen-und-sehenswurdigkeiten\/","url":"https:\/\/www.swiss4vacation.com\/de\/krk-2\/unternehmungen-und-sehenswurdigkeiten\/","name":"UNTERNEHMUNGEN UND SEHENSW\u00dcRDIGKEITEN - Swiss 4 vacation | Swiss4","isPartOf":{"@id":"https:\/\/www.swiss4vacation.com\/de\/#website"},"datePublished":"2014-07-28T22:27:30+00:00","dateModified":"2014-08-03T15:45:53+00:00","description":"Die kroatische K\u00fcste befindet sich an der \u00f6stlichen Adria. Sie gilt als eine der zerkl\u00fcftetsten K\u00fcsten der Welt und besteht aus \u00fcber 1 200 Inseln, von","breadcrumb":{"@id":"https:\/\/www.swiss4vacation.com\/de\/krk-2\/unternehmungen-und-sehenswurdigkeiten\/#breadcrumb"},"inLanguage":"de","potentialAction":[{"@type":"ReadAction","target":["https:\/\/www.swiss4vacation.com\/de\/krk-2\/unternehmungen-und-sehenswurdigkeiten\/"]}]},{"@type":"BreadcrumbList","@id":"https:\/\/www.swiss4vacation.com\/de\/krk-2\/unternehmungen-und-sehenswurdigkeiten\/#breadcrumb","itemListElement":[{"@type":"ListItem","position":1,"name":"Home","item":"https:\/\/www.swiss4vacation.com\/de\/"},{"@type":"ListItem","position":2,"name":"UNTERNEHMUNGEN UND SEHENSW\u00dcRDIGKEITEN"}]},{"@type":"WebSite","@id":"https:\/\/www.swiss4vacation.com\/de\/#website","url":"https:\/\/www.swiss4vacation.com\/de\/","name":"Swiss 4 vacation | Swiss4","description":"Luxury rentals","potentialAction":[{"@type":"SearchAction","target":{"@type":"EntryPoint","urlTemplate":"https:\/\/www.swiss4vacation.com\/de\/?s={search_term_string}"},"query-input":{"@type":"PropertyValueSpecification","valueRequired":true,"valueName":"search_term_string"}}],"inLanguage":"de"}]}},"_links":{"self":[{"href":"https:\/\/www.swiss4vacation.com\/de\/wp-json\/wp\/v2\/pages\/920","targetHints":{"allow":["GET"]}}],"collection":[{"href":"https:\/\/www.swiss4vacation.com\/de\/wp-json\/wp\/v2\/pages"}],"about":[{"href":"https:\/\/www.swiss4vacation.com\/de\/wp-json\/wp\/v2\/types\/page"}],"author":[{"embeddable":true,"href":"https:\/\/www.swiss4vacation.com\/de\/wp-json\/wp\/v2\/users\/2"}],"replies":[{"embeddable":true,"href":"https:\/\/www.swiss4vacation.com\/de\/wp-json\/wp\/v2\/comments?post=920"}],"version-history":[{"count":1,"href":"https:\/\/www.swiss4vacation.com\/de\/wp-json\/wp\/v2\/pages\/920\/revisions"}],"predecessor-version":[{"id":921,"href":"https:\/\/www.swiss4vacation.com\/de\/wp-json\/wp\/v2\/pages\/920\/revisions\/921"}],"up":[{"embeddable":true,"href":"https:\/\/www.swiss4vacation.com\/de\/wp-json\/wp\/v2\/pages\/541"}],"wp:attachment":[{"href":"https:\/\/www.swiss4vacation.com\/de\/wp-json\/wp\/v2\/media?parent=920"}],"curies":[{"name":"wp","href":"https:\/\/api.w.org\/{rel}","templated":true}]}}