{"id":685,"date":"2014-07-28T21:51:12","date_gmt":"2014-07-28T19:51:12","guid":{"rendered":"http:\/\/www.swiss4vacation.com\/?page_id=685"},"modified":"2014-08-03T17:45:53","modified_gmt":"2014-08-03T15:45:53","slug":"ferienwohnung","status":"publish","type":"page","link":"https:\/\/www.swiss4vacation.com\/de\/ljubljana-3\/ferienwohnung\/","title":{"rendered":"FERIENWOHNUNG"},"content":{"rendered":"<p>Ljubljana ist das wichtigste Kultur-, Bildungs-, Wirtschafts- und Verwaltungszentrum in Slowenien. Und die Stadt selbst z\u00e4hlt gewiss zu den sch\u00f6nsten St\u00e4dten Mitteleuropas. Relativ klein, sauber und sonnig hat sie dennoch all das zu bieten, was eine europ\u00e4ische Gro\u00dfstadt ausmacht. Die helle 2-Zimmerwohnung mitten im Stadtzentrum von Ljubljana ist nur 200 m bzw. wenige Gehminuten vom beliebten Altstadtkern entfernt. Auf dem gro\u00dfen Wochenmarkt gleich um die Ecke bekommen Sie t\u00e4glich bis in die fr\u00fchen Nachmittagsstunden s\u00e4mtliche frische Zutaten f\u00fcr eine geschmackvolle Mahlzeit. Die freundlichen Marktfrauen verraten Ihnen sicher gerne, wie Sie ein typisches slowenisches Gericht zubereiten k\u00f6nnen. Die auf dem Markt verkauften Lebensmittel und Produkte werden t\u00e4glich frisch von den umliegenden Feldern und Bauernh\u00f6fen geliefert. Die Seilbahn auf die Burg von Ljubljana befindet sich gleich vor Ihrer Nase. Und die gem\u00fctlichen Caf\u00e9s, Kneipen und Restaurants am Flussufer der Ljubljanica sind so nah entfernt, dass Sie ihnen kaum widerstehen k\u00f6nnen. Ljubljana ist eine Hauptstadt, die Sie sehr gut zu Fu\u00df erkunden k\u00f6nnen. So etwas ist sonst nirgendwo m\u00f6glich. Die 50m2 gro\u00dfe komfortable Wohnung bietet Unterkunft f\u00fcr bis zu 4 Erwachsene, wirkt aber durch die praktische Aufteilung und Ausstattung wesentlich gr\u00f6\u00dfer. Das Schlafzimmer ist mit einem gro\u00dfen Doppelbett und Einbauschr\u00e4nken einladend ausgestattet. Die K\u00fcche wird mit ihrer geschmackvollen Einrichtung und ihrem modernen Design auch h\u00f6chsten Anspr\u00fcchen gerecht. Im Wohnzimmer steht ein gem\u00fctliches Sofa, das sich in ein Zusatzbett f\u00fcr 2 Personen verwandeln l\u00e4sst. Der Schritt auf den Balkon ist ein Schritt n\u00e4her in Richtung Burg, die sich auf dem Burg Berg emporhebt. Vom Balkon aus k\u00f6nnen Sie Ihre Augen erholsam auf den gro\u00dfen, gr\u00fcnen, ruhigen und versteckten Park mitten in der Stadt weiden lassen. Kabelfernsehen und eine schnelle Internetverbindung (W-LAN-Anschluss) stehen Ihnen kostenlos zur Verf\u00fcgung. Parkm\u00f6glichkeiten gibt es in unmittelbarer N\u00e4he.<\/p>\n","protected":false},"excerpt":{"rendered":"<p>Ljubljana ist das wichtigste Kultur-, Bildungs-, Wirtschafts- und Verwaltungszentrum in Slowenien. Und die Stadt selbst z\u00e4hlt gewiss zu den sch\u00f6nsten St\u00e4dten Mitteleuropas. Relativ klein, sauber und sonnig hat sie dennoch all das zu bieten, was eine europ\u00e4ische Gro\u00dfstadt ausmacht. Die helle 2-Zimmerwohnung mitten im Stadtzentrum von Ljubljana ist nur 200 m bzw. wenige Gehminuten vom [&hellip;]<\/p>\n","protected":false},"author":2,"featured_media":0,"parent":678,"menu_order":0,"comment_status":"open","ping_status":"open","template":"","meta":{"footnotes":""},"class_list":["post-685","page","type-page","status-publish","hentry"],"yoast_head":"<!-- This site is optimized with the Yoast SEO plugin v26.5 - https:\/\/yoast.com\/wordpress\/plugins\/seo\/ -->\n<title>FERIENWOHNUNG - Swiss 4 vacation | Swiss4<\/title>\n<meta name=\"description\" content=\"Ljubljana ist das wichtigste Kultur-, Bildungs-, Wirtschafts- und Verwaltungszentrum in Slowenien. Und die Stadt selbst z\u00e4hlt gewiss zu den sch\u00f6nsten\" \/>\n<meta name=\"robots\" content=\"index, follow, max-snippet:-1, max-image-preview:large, max-video-preview:-1\" \/>\n<link rel=\"canonical\" href=\"https:\/\/www.swiss4vacation.com\/de\/ljubljana-3\/ferienwohnung\/\" \/>\n<meta property=\"og:locale\" content=\"de_DE\" \/>\n<meta property=\"og:type\" content=\"article\" \/>\n<meta property=\"og:title\" content=\"FERIENWOHNUNG - Swiss 4 vacation | Swiss4\" \/>\n<meta property=\"og:description\" content=\"Ljubljana ist das wichtigste Kultur-, Bildungs-, Wirtschafts- und Verwaltungszentrum in Slowenien. Und die Stadt selbst z\u00e4hlt gewiss zu den sch\u00f6nsten\" \/>\n<meta property=\"og:url\" content=\"https:\/\/www.swiss4vacation.com\/de\/ljubljana-3\/ferienwohnung\/\" \/>\n<meta property=\"og:site_name\" content=\"Swiss 4 vacation | Swiss4\" \/>\n<meta property=\"article:modified_time\" content=\"2014-08-03T15:45:53+00:00\" \/>\n<meta name=\"twitter:label1\" content=\"Gesch\u00e4tzte Lesezeit\" \/>\n\t<meta name=\"twitter:data1\" content=\"2\u00a0Minuten\" \/>\n<script type=\"application\/ld+json\" class=\"yoast-schema-graph\">{\"@context\":\"https:\/\/schema.org\",\"@graph\":[{\"@type\":\"WebPage\",\"@id\":\"https:\/\/www.swiss4vacation.com\/de\/ljubljana-3\/ferienwohnung\/\",\"url\":\"https:\/\/www.swiss4vacation.com\/de\/ljubljana-3\/ferienwohnung\/\",\"name\":\"FERIENWOHNUNG - Swiss 4 vacation | Swiss4\",\"isPartOf\":{\"@id\":\"https:\/\/www.swiss4vacation.com\/de\/#website\"},\"datePublished\":\"2014-07-28T19:51:12+00:00\",\"dateModified\":\"2014-08-03T15:45:53+00:00\",\"description\":\"Ljubljana ist das wichtigste Kultur-, Bildungs-, Wirtschafts- und Verwaltungszentrum in Slowenien. Und die Stadt selbst z\u00e4hlt gewiss zu den sch\u00f6nsten\",\"breadcrumb\":{\"@id\":\"https:\/\/www.swiss4vacation.com\/de\/ljubljana-3\/ferienwohnung\/#breadcrumb\"},\"inLanguage\":\"de\",\"potentialAction\":[{\"@type\":\"ReadAction\",\"target\":[\"https:\/\/www.swiss4vacation.com\/de\/ljubljana-3\/ferienwohnung\/\"]}]},{\"@type\":\"BreadcrumbList\",\"@id\":\"https:\/\/www.swiss4vacation.com\/de\/ljubljana-3\/ferienwohnung\/#breadcrumb\",\"itemListElement\":[{\"@type\":\"ListItem\",\"position\":1,\"name\":\"Home\",\"item\":\"https:\/\/www.swiss4vacation.com\/de\/\"},{\"@type\":\"ListItem\",\"position\":2,\"name\":\"FERIENWOHNUNG\"}]},{\"@type\":\"WebSite\",\"@id\":\"https:\/\/www.swiss4vacation.com\/de\/#website\",\"url\":\"https:\/\/www.swiss4vacation.com\/de\/\",\"name\":\"Swiss 4 vacation | Swiss4\",\"description\":\"Luxury rentals\",\"potentialAction\":[{\"@type\":\"SearchAction\",\"target\":{\"@type\":\"EntryPoint\",\"urlTemplate\":\"https:\/\/www.swiss4vacation.com\/de\/?s={search_term_string}\"},\"query-input\":{\"@type\":\"PropertyValueSpecification\",\"valueRequired\":true,\"valueName\":\"search_term_string\"}}],\"inLanguage\":\"de\"}]}<\/script>\n<!-- \/ Yoast SEO plugin. -->","yoast_head_json":{"title":"FERIENWOHNUNG - Swiss 4 vacation | Swiss4","description":"Ljubljana ist das wichtigste Kultur-, Bildungs-, Wirtschafts- und Verwaltungszentrum in Slowenien. Und die Stadt selbst z\u00e4hlt gewiss zu den sch\u00f6nsten","robots":{"index":"index","follow":"follow","max-snippet":"max-snippet:-1","max-image-preview":"max-image-preview:large","max-video-preview":"max-video-preview:-1"},"canonical":"https:\/\/www.swiss4vacation.com\/de\/ljubljana-3\/ferienwohnung\/","og_locale":"de_DE","og_type":"article","og_title":"FERIENWOHNUNG - Swiss 4 vacation | Swiss4","og_description":"Ljubljana ist das wichtigste Kultur-, Bildungs-, Wirtschafts- und Verwaltungszentrum in Slowenien. Und die Stadt selbst z\u00e4hlt gewiss zu den sch\u00f6nsten","og_url":"https:\/\/www.swiss4vacation.com\/de\/ljubljana-3\/ferienwohnung\/","og_site_name":"Swiss 4 vacation | Swiss4","article_modified_time":"2014-08-03T15:45:53+00:00","twitter_misc":{"Gesch\u00e4tzte Lesezeit":"2\u00a0Minuten"},"schema":{"@context":"https:\/\/schema.org","@graph":[{"@type":"WebPage","@id":"https:\/\/www.swiss4vacation.com\/de\/ljubljana-3\/ferienwohnung\/","url":"https:\/\/www.swiss4vacation.com\/de\/ljubljana-3\/ferienwohnung\/","name":"FERIENWOHNUNG - Swiss 4 vacation | Swiss4","isPartOf":{"@id":"https:\/\/www.swiss4vacation.com\/de\/#website"},"datePublished":"2014-07-28T19:51:12+00:00","dateModified":"2014-08-03T15:45:53+00:00","description":"Ljubljana ist das wichtigste Kultur-, Bildungs-, Wirtschafts- und Verwaltungszentrum in Slowenien. Und die Stadt selbst z\u00e4hlt gewiss zu den sch\u00f6nsten","breadcrumb":{"@id":"https:\/\/www.swiss4vacation.com\/de\/ljubljana-3\/ferienwohnung\/#breadcrumb"},"inLanguage":"de","potentialAction":[{"@type":"ReadAction","target":["https:\/\/www.swiss4vacation.com\/de\/ljubljana-3\/ferienwohnung\/"]}]},{"@type":"BreadcrumbList","@id":"https:\/\/www.swiss4vacation.com\/de\/ljubljana-3\/ferienwohnung\/#breadcrumb","itemListElement":[{"@type":"ListItem","position":1,"name":"Home","item":"https:\/\/www.swiss4vacation.com\/de\/"},{"@type":"ListItem","position":2,"name":"FERIENWOHNUNG"}]},{"@type":"WebSite","@id":"https:\/\/www.swiss4vacation.com\/de\/#website","url":"https:\/\/www.swiss4vacation.com\/de\/","name":"Swiss 4 vacation | Swiss4","description":"Luxury rentals","potentialAction":[{"@type":"SearchAction","target":{"@type":"EntryPoint","urlTemplate":"https:\/\/www.swiss4vacation.com\/de\/?s={search_term_string}"},"query-input":{"@type":"PropertyValueSpecification","valueRequired":true,"valueName":"search_term_string"}}],"inLanguage":"de"}]}},"_links":{"self":[{"href":"https:\/\/www.swiss4vacation.com\/de\/wp-json\/wp\/v2\/pages\/685","targetHints":{"allow":["GET"]}}],"collection":[{"href":"https:\/\/www.swiss4vacation.com\/de\/wp-json\/wp\/v2\/pages"}],"about":[{"href":"https:\/\/www.swiss4vacation.com\/de\/wp-json\/wp\/v2\/types\/page"}],"author":[{"embeddable":true,"href":"https:\/\/www.swiss4vacation.com\/de\/wp-json\/wp\/v2\/users\/2"}],"replies":[{"embeddable":true,"href":"https:\/\/www.swiss4vacation.com\/de\/wp-json\/wp\/v2\/comments?post=685"}],"version-history":[{"count":1,"href":"https:\/\/www.swiss4vacation.com\/de\/wp-json\/wp\/v2\/pages\/685\/revisions"}],"predecessor-version":[{"id":688,"href":"https:\/\/www.swiss4vacation.com\/de\/wp-json\/wp\/v2\/pages\/685\/revisions\/688"}],"up":[{"embeddable":true,"href":"https:\/\/www.swiss4vacation.com\/de\/wp-json\/wp\/v2\/pages\/678"}],"wp:attachment":[{"href":"https:\/\/www.swiss4vacation.com\/de\/wp-json\/wp\/v2\/media?parent=685"}],"curies":[{"name":"wp","href":"https:\/\/api.w.org\/{rel}","templated":true}]}}